{"id":2031,"date":"2020-03-24T16:09:50","date_gmt":"2020-03-24T15:09:50","guid":{"rendered":"http:\/\/preprod.valeriemilot.com\/?page_id=2031"},"modified":"2022-03-14T08:19:01","modified_gmt":"2022-03-14T12:19:01","slug":"repertoire","status":"publish","type":"page","link":"https:\/\/valeriemilot.com\/fr\/repertoire\/","title":{"rendered":"R\u00e9pertoire"},"content":{"rendered":"\t\t<div data-elementor-type=\"wp-post\" data-elementor-id=\"2031\" class=\"elementor elementor-2031 elementor-2681\" data-elementor-post-type=\"page\">\n\t\t\t\t\t\t<section class=\"elementor-section elementor-top-section elementor-element elementor-element-76c22667 headline transparent elementor-section-stretched elementor-section-height-min-height elementor-section-boxed elementor-section-height-default elementor-section-items-middle\" data-id=\"76c22667\" data-element_type=\"section\" data-e-type=\"section\" data-settings=\"{&quot;stretch_section&quot;:&quot;section-stretched&quot;,&quot;background_background&quot;:&quot;classic&quot;,&quot;shape_divider_bottom&quot;:&quot;tilt&quot;}\">\n\t\t\t\t\t\t\t<div class=\"elementor-background-overlay\"><\/div>\n\t\t\t\t\t\t<div class=\"elementor-shape elementor-shape-bottom\" aria-hidden=\"true\" data-negative=\"false\">\n\t\t\t<svg xmlns=\"http:\/\/www.w3.org\/2000\/svg\" viewBox=\"0 0 1000 100\" preserveAspectRatio=\"none\">\n\t<path class=\"elementor-shape-fill\" d=\"M0,6V0h1000v100L0,6z\"\/>\n<\/svg>\t\t<\/div>\n\t\t\t\t\t<div class=\"elementor-container elementor-column-gap-default\">\n\t\t\t\t\t<div class=\"elementor-column elementor-col-100 elementor-top-column elementor-element elementor-element-263c7b55\" data-id=\"263c7b55\" data-element_type=\"column\" data-e-type=\"column\">\n\t\t\t<div class=\"elementor-widget-wrap elementor-element-populated\">\n\t\t\t\t\t\t<div class=\"elementor-element elementor-element-14daff03 animated-fast elementor-invisible elementor-widget elementor-widget-heading\" data-id=\"14daff03\" data-element_type=\"widget\" data-e-type=\"widget\" data-settings=\"{&quot;_animation&quot;:&quot;fadeInUp&quot;}\" data-widget_type=\"heading.default\">\n\t\t\t\t\t<span class=\"elementor-heading-title elementor-size-default\">Val\u00e9rie Milot<\/span>\t\t\t\t<\/div>\n\t\t\t\t<div class=\"elementor-element elementor-element-2d67e212 animated-fast elementor-invisible elementor-widget elementor-widget-heading\" data-id=\"2d67e212\" data-element_type=\"widget\" data-e-type=\"widget\" data-settings=\"{&quot;_animation&quot;:&quot;fadeInUp&quot;,&quot;_animation_delay&quot;:200}\" data-widget_type=\"heading.default\">\n\t\t\t\t\t<h1 class=\"elementor-heading-title elementor-size-default\">R\u00c9PERTOIRE\u200b<\/h1>\t\t\t\t<\/div>\n\t\t\t\t\t<\/div>\n\t\t<\/div>\n\t\t\t\t\t<\/div>\n\t\t<\/section>\n\t\t\t\t<section class=\"elementor-section elementor-top-section elementor-element elementor-element-82a34e8 elementor-section-boxed elementor-section-height-default elementor-section-height-default\" data-id=\"82a34e8\" data-element_type=\"section\" data-e-type=\"section\">\n\t\t\t\t\t\t<div class=\"elementor-container elementor-column-gap-default\">\n\t\t\t\t\t<div class=\"elementor-column elementor-col-100 elementor-top-column elementor-element elementor-element-7206fe9\" data-id=\"7206fe9\" data-element_type=\"column\" data-e-type=\"column\">\n\t\t\t<div class=\"elementor-widget-wrap elementor-element-populated\">\n\t\t\t\t\t\t<div class=\"elementor-element elementor-element-25de1dc elementor-widget elementor-widget-heading\" data-id=\"25de1dc\" data-element_type=\"widget\" data-e-type=\"widget\" data-widget_type=\"heading.default\">\n\t\t\t\t\t<h2 class=\"elementor-heading-title elementor-size-default\">Harpe solo et orchestre<\/h2>\t\t\t\t<\/div>\n\t\t\t\t<div class=\"elementor-element elementor-element-de3a035 elementor-widget elementor-widget-text-editor\" data-id=\"de3a035\" data-element_type=\"widget\" data-e-type=\"widget\" data-widget_type=\"text-editor.default\">\n\t\t\t\t\t\t\t\t\t<p style=\"text-align: center;\"><strong>G. ALBRECHTSBERGER\u00a0<\/strong>Concerto en do majeur<br \/><strong>J.S. BACH\u00a0<\/strong>Concerti pour clavier BWV 1056 et 1058<br \/><strong>F.A. BO\u00cfELDIEU\u00a0<\/strong>Concerto en do majeur<br \/><strong>A. CAPLET\u00a0<\/strong>Conte fantastique d\u2019apr\u00e8s Le masque de la Mort Rouge d\u2019Edgar Allan Poe<br \/><strong>M. CASTELNUOVO-TEDESCO\u00a0<\/strong>Concertino<br \/><strong>J.M. DAMASE<\/strong> Concertino<br \/><strong>C. DEBUSSY<\/strong>\u00a0Danses Sacr\u00e9e et Profane<br \/><strong>A. GINASTERA<\/strong>\u00a0Concerto<br \/><strong>R. GLI\u00c8RE<\/strong>\u00a0Concerto<br \/><strong>D. GOUGEON*<\/strong> Rituel et Danse<br \/><strong>A. ICHMOURATOV*<\/strong> Concerto Grosso No.2 pour violon, flute \u00e0 bec et harpe<br \/><strong>G.F. H\u00c4NDEL<\/strong>\u00a0Concerto en si b\u00e9mol majeur<br \/><strong>A. HOVHANESS<\/strong>\u00a0Concerto Op.267<br \/><strong>W.A. MOZART<\/strong> Concerto pour fl\u00fbte et harpe en do majeur<br \/><strong>M. MOZETICH* <\/strong><em>El Dorado<\/em><br \/><b>K.M. MURPHY* <\/b><em>En el escuro es todo uno<\/em> pour violoncelle et harpe<br \/><strong>H. RENI\u00c9\u00a0<\/strong>Concerto en do mineur<br \/><strong>J. RODRIGO<\/strong>\u00a0Concerto di Aranjuez<br \/><strong>J. RODRIGO<\/strong>\u00a0Concierto-Serenata<br \/><strong>J. RODRIGO<\/strong>\u00a0Sones en la Giralda<br \/><strong>M. RAVEL<\/strong>\u00a0Introduction et Allegro<br \/><strong>N. ROTA<\/strong>\u00a0Concerto<br \/><strong>C. ST-SA\u00cbNS<\/strong>\u00a0Morceau de concert en sol<\/p><p style=\"text-align: center;\"><span style=\"color: #808080;\">*compositeur(e)s canadien(ne)s<\/span><\/p><p style=\"text-align: center;\">\u00a0<\/p>\t\t\t\t\t\t\t\t<\/div>\n\t\t\t\t\t<\/div>\n\t\t<\/div>\n\t\t\t\t\t<\/div>\n\t\t<\/section>\n\t\t\t\t<section class=\"elementor-section elementor-top-section elementor-element elementor-element-319a9cf elementor-section-boxed elementor-section-height-default elementor-section-height-default\" data-id=\"319a9cf\" data-element_type=\"section\" data-e-type=\"section\">\n\t\t\t\t\t\t<div class=\"elementor-container elementor-column-gap-default\">\n\t\t\t\t\t<div class=\"elementor-column elementor-col-100 elementor-top-column elementor-element elementor-element-73b6ac9\" data-id=\"73b6ac9\" data-element_type=\"column\" data-e-type=\"column\">\n\t\t\t<div class=\"elementor-widget-wrap elementor-element-populated\">\n\t\t\t\t\t\t<div class=\"elementor-element elementor-element-7507446 elementor-align-center elementor-widget elementor-widget-button\" data-id=\"7507446\" data-element_type=\"widget\" data-e-type=\"widget\" data-widget_type=\"button.default\">\n\t\t\t\t\t\t\t\t\t\t<a class=\"elementor-button elementor-button-link elementor-size-sm\" href=\"\/wp-content\/uploads\/2022\/03\/ConcertoRepertoire_VM_2022_FR.pdf\" target=\"_blank\">\n\t\t\t\t\t\t<span class=\"elementor-button-content-wrapper\">\n\t\t\t\t\t\t\t\t\t<span class=\"elementor-button-text\">T\u00e9l\u00e9chargez le r\u00e9pertoire concertant<\/span>\n\t\t\t\t\t<\/span>\n\t\t\t\t\t<\/a>\n\t\t\t\t\t\t\t\t<\/div>\n\t\t\t\t<div class=\"elementor-element elementor-element-bd73e8e elementor-widget elementor-widget-spacer\" data-id=\"bd73e8e\" data-element_type=\"widget\" data-e-type=\"widget\" data-widget_type=\"spacer.default\">\n\t\t\t\t\t\t\t<div class=\"elementor-spacer\">\n\t\t\t<div class=\"elementor-spacer-inner\"><\/div>\n\t\t<\/div>\n\t\t\t\t\t\t<\/div>\n\t\t\t\t<div class=\"elementor-element elementor-element-94254f8 elementor-widget elementor-widget-heading\" data-id=\"94254f8\" data-element_type=\"widget\" data-e-type=\"widget\" data-widget_type=\"heading.default\">\n\t\t\t\t\t<p class=\"elementor-heading-title elementor-size-default\">Pour avoir plus de d\u00e9tails sur les r\u00e9pertoires solo et de musique de chambre, contactez  <strong><u><a href=\"https:\/\/valeriemilot.com\/fr\/contact\/\">l\u2019agent de Val\u00e9rie<\/a><\/u><\/strong><\/p>\t\t\t\t<\/div>\n\t\t\t\t\t<\/div>\n\t\t<\/div>\n\t\t\t\t\t<\/div>\n\t\t<\/section>\n\t\t\t\t<\/div>\n\t\t","protected":false},"excerpt":{"rendered":"<p>Val\u00e9rie Milot R\u00c9PERTOIRE\u200b Harpe solo et orchestre G. ALBRECHTSBERGER\u00a0Concerto en do majeurJ.S. BACH\u00a0Concerti pour clavier BWV 1056 et 1058F.A. BO\u00cfELDIEU\u00a0Concerto en do majeurA. CAPLET\u00a0Conte fantastique d\u2019apr\u00e8s Le masque de la Mort Rouge d\u2019Edgar Allan PoeM. CASTELNUOVO-TEDESCO\u00a0ConcertinoJ.M. DAMASE ConcertinoC. DEBUSSY\u00a0Danses Sacr\u00e9e [&hellip;]<\/p>\n","protected":false},"author":1,"featured_media":0,"parent":0,"menu_order":0,"comment_status":"closed","ping_status":"closed","template":"","meta":{"footnotes":""},"class_list":["post-2031","page","type-page","status-publish","hentry"],"_links":{"self":[{"href":"https:\/\/valeriemilot.com\/fr\/wp-json\/wp\/v2\/pages\/2031","targetHints":{"allow":["GET"]}}],"collection":[{"href":"https:\/\/valeriemilot.com\/fr\/wp-json\/wp\/v2\/pages"}],"about":[{"href":"https:\/\/valeriemilot.com\/fr\/wp-json\/wp\/v2\/types\/page"}],"author":[{"embeddable":true,"href":"https:\/\/valeriemilot.com\/fr\/wp-json\/wp\/v2\/users\/1"}],"replies":[{"embeddable":true,"href":"https:\/\/valeriemilot.com\/fr\/wp-json\/wp\/v2\/comments?post=2031"}],"version-history":[{"count":54,"href":"https:\/\/valeriemilot.com\/fr\/wp-json\/wp\/v2\/pages\/2031\/revisions"}],"predecessor-version":[{"id":6309,"href":"https:\/\/valeriemilot.com\/fr\/wp-json\/wp\/v2\/pages\/2031\/revisions\/6309"}],"wp:attachment":[{"href":"https:\/\/valeriemilot.com\/fr\/wp-json\/wp\/v2\/media?parent=2031"}],"curies":[{"name":"wp","href":"https:\/\/api.w.org\/{rel}","templated":true}]}}