{"id":2299,"date":"2020-04-16T14:39:31","date_gmt":"2020-04-16T12:39:31","guid":{"rendered":"http:\/\/preprod.valeriemilot.com\/?page_id=2299"},"modified":"2022-02-12T12:30:40","modified_gmt":"2022-02-12T16:30:40","slug":"lamant-jaloux","status":"publish","type":"page","link":"https:\/\/valeriemilot.com\/fr\/lamant-jaloux\/","title":{"rendered":"L\u2019amant jaloux"},"content":{"rendered":"\t\t<div data-elementor-type=\"wp-post\" data-elementor-id=\"2299\" class=\"elementor elementor-2299 elementor-2704\" data-elementor-post-type=\"page\">\n\t\t\t\t\t\t<section class=\"elementor-section elementor-top-section elementor-element elementor-element-4199104 elementor-section-stretched elementor-section-height-min-height elementor-section-content-bottom elementor-section-boxed elementor-section-height-default elementor-section-items-middle\" data-id=\"4199104\" data-element_type=\"section\" data-e-type=\"section\" data-settings=\"{&quot;stretch_section&quot;:&quot;section-stretched&quot;,&quot;background_background&quot;:&quot;classic&quot;,&quot;shape_divider_bottom&quot;:&quot;tilt&quot;}\">\n\t\t\t\t\t\t\t<div class=\"elementor-background-overlay\"><\/div>\n\t\t\t\t\t\t<div class=\"elementor-shape elementor-shape-bottom\" aria-hidden=\"true\" data-negative=\"false\">\n\t\t\t<svg xmlns=\"http:\/\/www.w3.org\/2000\/svg\" viewBox=\"0 0 1000 100\" preserveAspectRatio=\"none\">\n\t<path class=\"elementor-shape-fill\" d=\"M0,6V0h1000v100L0,6z\"\/>\n<\/svg>\t\t<\/div>\n\t\t\t\t\t<div class=\"elementor-container elementor-column-gap-default\">\n\t\t\t\t\t<div class=\"elementor-column elementor-col-100 elementor-top-column elementor-element elementor-element-074d47a\" data-id=\"074d47a\" data-element_type=\"column\" data-e-type=\"column\">\n\t\t\t<div class=\"elementor-widget-wrap elementor-element-populated\">\n\t\t\t\t\t\t<div class=\"elementor-element elementor-element-e88e4f3 animated-fast elementor-invisible elementor-widget elementor-widget-heading\" data-id=\"e88e4f3\" data-element_type=\"widget\" data-e-type=\"widget\" data-settings=\"{&quot;_animation&quot;:&quot;fadeInUp&quot;}\" data-widget_type=\"heading.default\">\n\t\t\t\t\t<span class=\"elementor-heading-title elementor-size-default\">Marianne Lambert, Val\u00e9rie Milot et Mathieu Lussier<\/span>\t\t\t\t<\/div>\n\t\t\t\t<div class=\"elementor-element elementor-element-5ea3d10 animated-fast elementor-invisible elementor-widget elementor-widget-heading\" data-id=\"5ea3d10\" data-element_type=\"widget\" data-e-type=\"widget\" data-settings=\"{&quot;_animation&quot;:&quot;fadeInUp&quot;,&quot;_animation_delay&quot;:200}\" data-widget_type=\"heading.default\">\n\t\t\t\t\t<h1 class=\"elementor-heading-title elementor-size-default\">L\u2019amant jaloux<\/h1>\t\t\t\t<\/div>\n\t\t\t\t\t<\/div>\n\t\t<\/div>\n\t\t\t\t\t<\/div>\n\t\t<\/section>\n\t\t\t\t<section class=\"elementor-section elementor-top-section elementor-element elementor-element-a4a0ccf elementor-section-full_width elementor-section-height-default elementor-section-height-default\" data-id=\"a4a0ccf\" data-element_type=\"section\" data-e-type=\"section\" data-settings=\"{&quot;background_background&quot;:&quot;classic&quot;}\">\n\t\t\t\t\t\t<div class=\"elementor-container elementor-column-gap-default\">\n\t\t\t\t\t<div class=\"elementor-column elementor-col-100 elementor-top-column elementor-element elementor-element-61947e8\" data-id=\"61947e8\" data-element_type=\"column\" data-e-type=\"column\">\n\t\t\t<div class=\"elementor-widget-wrap elementor-element-populated\">\n\t\t\t\t\t\t<section class=\"elementor-section elementor-inner-section elementor-element elementor-element-b86f26f elementor-section-boxed elementor-section-height-default elementor-section-height-default\" data-id=\"b86f26f\" data-element_type=\"section\" data-e-type=\"section\">\n\t\t\t\t\t\t<div class=\"elementor-container elementor-column-gap-wider\">\n\t\t\t\t\t<div class=\"elementor-column elementor-col-100 elementor-inner-column elementor-element elementor-element-93313a1 animated-fast elementor-invisible\" data-id=\"93313a1\" data-element_type=\"column\" data-e-type=\"column\" data-settings=\"{&quot;animation&quot;:&quot;fadeInUp&quot;,&quot;animation_delay&quot;:200}\">\n\t\t\t<div class=\"elementor-widget-wrap elementor-element-populated\">\n\t\t\t\t\t\t<div class=\"elementor-element elementor-element-e508d95 elementor-widget elementor-widget-text-editor\" data-id=\"e508d95\" data-element_type=\"widget\" data-e-type=\"widget\" data-widget_type=\"text-editor.default\">\n\t\t\t\t\t\t\t\t\t<p><span style=\"color: #000000;\"><i><span style=\"font-weight: 400;\">Versailles, 1785. Marie-Antoinette s\u2019ennuie. Son mari, le roi\u00a0Louis XVI\u00a0pr\u00e9f\u00e8re s\u2019amuser \u00e0 construire \u00e0 jouer du basson plut\u00f4t que de s\u2019occuper d\u2019elle. C\u2019est alors qu\u2019un myst\u00e9rieux musicien \u00e9tranger arrive \u00e0 la cour. Discret, s\u00e9duisant, harpiste virtuose, il fera vite battre le c\u0153ur de la jeune reine\u2026Lorsque\u00a0Marie-Antoinette\u00a0d\u00e9cide de pr\u00e9senter un concert impliquant \u00e0 la fois son mari et son\u00a0nouvel amant, les choses se r\u00e9v\u00e8lent un peu plus compliqu\u00e9es que ce qu\u2019elle avait en t\u00eate\u2026.<\/span><\/i><i><span style=\"font-weight: 400;\"><br \/><\/span><\/i><i><span style=\"font-weight: 400;\"><br \/><\/span><\/i><i><span style=\"font-weight: 400;\">Dans un spectacle humoristique pr\u00e9sentant des \u0153uvres de Mozart, Gr\u00e9try, M\u00e9hul et Devienne, la soprano\u00a0Marianne Lambert, le bassoniste\u00a0Mathieu Lussier\u00a0et la harpiste\u00a0Val\u00e9rie Milot\u00a0s\u2019amusent \u00e0 plonger dans l\u2019atmosph\u00e8re galante mais hypocrite du Versailles d\u2019avant la r\u00e9volution fran\u00e7aise en faisant revivre avec quelques libert\u00e9s les m\u00e9lodies qui faisaient battre les c\u0153urs et naitre les rivalit\u00e9s.<\/span><\/i><i><span style=\"font-weight: 400;\"><br \/><\/span><\/i><i><span style=\"font-weight: 400;\"><br \/><\/span><\/i><span style=\"font-weight: 400;\"><span style=\"text-decoration: underline;\">Mise en sc\u00e8ne<\/span>: \u00c9lise Rivard<br \/><span style=\"text-decoration: underline;\">Costumes<\/span>\u00a0: Ariane Valade et Am\u00e9lia Desjardins<br \/><\/span><\/span><\/p>\t\t\t\t\t\t\t\t<\/div>\n\t\t\t\t<div class=\"elementor-element elementor-element-a949764 elementor-widget elementor-widget-video\" data-id=\"a949764\" data-element_type=\"widget\" data-e-type=\"widget\" data-settings=\"{&quot;youtube_url&quot;:&quot;https:\\\/\\\/www.youtube.com\\\/watch?v=iIF7WvcdHpY&amp;feature=youtu.be&quot;,&quot;video_type&quot;:&quot;youtube&quot;,&quot;controls&quot;:&quot;yes&quot;}\" data-widget_type=\"video.default\">\n\t\t\t\t\t\t\t<div class=\"elementor-wrapper elementor-open-inline\">\n\t\t\t<div class=\"elementor-video\"><\/div>\t\t<\/div>\n\t\t\t\t\t\t<\/div>\n\t\t\t\t<div class=\"elementor-element elementor-element-6dc7db8 elementor-widget elementor-widget-image\" data-id=\"6dc7db8\" data-element_type=\"widget\" data-e-type=\"widget\" data-widget_type=\"image.default\">\n\t\t\t\t\t\t\t\t\t\t\t\t\t\t\t\t<a href=\"http:\/\/www.mariannelambert.com\/\" target=\"_blank\">\n\t\t\t\t\t\t\t<img loading=\"lazy\" decoding=\"async\" width=\"1024\" height=\"419\" src=\"https:\/\/valeriemilot.com\/wp-content\/uploads\/2020\/04\/MarianneMailChimp-1024x419.jpg\" class=\"attachment-large size-large wp-image-2302\" alt=\"\" srcset=\"https:\/\/valeriemilot.com\/wp-content\/uploads\/2020\/04\/MarianneMailChimp-1024x419.jpg 1024w, https:\/\/valeriemilot.com\/wp-content\/uploads\/2020\/04\/MarianneMailChimp-300x123.jpg 300w, https:\/\/valeriemilot.com\/wp-content\/uploads\/2020\/04\/MarianneMailChimp-768x314.jpg 768w, https:\/\/valeriemilot.com\/wp-content\/uploads\/2020\/04\/MarianneMailChimp-440x180.jpg 440w, https:\/\/valeriemilot.com\/wp-content\/uploads\/2020\/04\/MarianneMailChimp-600x246.jpg 600w, https:\/\/valeriemilot.com\/wp-content\/uploads\/2020\/04\/MarianneMailChimp.jpg 1200w\" sizes=\"auto, (max-width: 1024px) 100vw, 1024px\" \/>\t\t\t\t\t\t\t\t<\/a>\n\t\t\t\t\t\t\t\t\t\t\t\t\t\t\t<\/div>\n\t\t\t\t<div class=\"elementor-element elementor-element-8bc6b51 elementor-widget elementor-widget-image\" data-id=\"8bc6b51\" data-element_type=\"widget\" data-e-type=\"widget\" data-widget_type=\"image.default\">\n\t\t\t\t\t\t\t\t\t\t\t\t\t\t\t<img loading=\"lazy\" decoding=\"async\" width=\"1024\" height=\"418\" src=\"https:\/\/valeriemilot.com\/wp-content\/uploads\/2020\/04\/ValMaiChimp-1024x418.jpg\" class=\"attachment-large size-large wp-image-2301\" alt=\"\" srcset=\"https:\/\/valeriemilot.com\/wp-content\/uploads\/2020\/04\/ValMaiChimp-1024x418.jpg 1024w, https:\/\/valeriemilot.com\/wp-content\/uploads\/2020\/04\/ValMaiChimp-300x123.jpg 300w, https:\/\/valeriemilot.com\/wp-content\/uploads\/2020\/04\/ValMaiChimp-768x314.jpg 768w, https:\/\/valeriemilot.com\/wp-content\/uploads\/2020\/04\/ValMaiChimp-440x180.jpg 440w, https:\/\/valeriemilot.com\/wp-content\/uploads\/2020\/04\/ValMaiChimp-600x245.jpg 600w, https:\/\/valeriemilot.com\/wp-content\/uploads\/2020\/04\/ValMaiChimp.jpg 1200w\" sizes=\"auto, (max-width: 1024px) 100vw, 1024px\" \/>\t\t\t\t\t\t\t\t\t\t\t\t\t\t\t<\/div>\n\t\t\t\t<div class=\"elementor-element elementor-element-648a112 elementor-widget elementor-widget-image\" data-id=\"648a112\" data-element_type=\"widget\" data-e-type=\"widget\" data-widget_type=\"image.default\">\n\t\t\t\t\t\t\t\t\t\t\t\t\t\t\t\t<a href=\"https:\/\/fr.wikipedia.org\/wiki\/Mathieu_Lussier\" target=\"_blank\">\n\t\t\t\t\t\t\t<img loading=\"lazy\" decoding=\"async\" width=\"1024\" height=\"421\" src=\"https:\/\/valeriemilot.com\/wp-content\/uploads\/2020\/04\/MathieuMailChimp-1024x421.jpg\" class=\"attachment-large size-large wp-image-2303\" alt=\"\" srcset=\"https:\/\/valeriemilot.com\/wp-content\/uploads\/2020\/04\/MathieuMailChimp-1024x421.jpg 1024w, https:\/\/valeriemilot.com\/wp-content\/uploads\/2020\/04\/MathieuMailChimp-300x123.jpg 300w, https:\/\/valeriemilot.com\/wp-content\/uploads\/2020\/04\/MathieuMailChimp-768x316.jpg 768w, https:\/\/valeriemilot.com\/wp-content\/uploads\/2020\/04\/MathieuMailChimp-440x181.jpg 440w, https:\/\/valeriemilot.com\/wp-content\/uploads\/2020\/04\/MathieuMailChimp-600x247.jpg 600w, https:\/\/valeriemilot.com\/wp-content\/uploads\/2020\/04\/MathieuMailChimp.jpg 1200w\" sizes=\"auto, (max-width: 1024px) 100vw, 1024px\" \/>\t\t\t\t\t\t\t\t<\/a>\n\t\t\t\t\t\t\t\t\t\t\t\t\t\t\t<\/div>\n\t\t\t\t\t<\/div>\n\t\t<\/div>\n\t\t\t\t\t<\/div>\n\t\t<\/section>\n\t\t\t\t\t<\/div>\n\t\t<\/div>\n\t\t\t\t\t<\/div>\n\t\t<\/section>\n\t\t\t\t<\/div>\n\t\t","protected":false},"excerpt":{"rendered":"<p>Marianne Lambert, Val\u00e9rie Milot et Mathieu Lussier L\u2019amant jaloux Versailles, 1785. Marie-Antoinette s\u2019ennuie. Son mari, le roi\u00a0Louis XVI\u00a0pr\u00e9f\u00e8re s\u2019amuser \u00e0 construire \u00e0 jouer du basson plut\u00f4t que de s\u2019occuper d\u2019elle. C\u2019est alors qu\u2019un myst\u00e9rieux musicien \u00e9tranger arrive \u00e0 la cour. [&hellip;]<\/p>\n","protected":false},"author":1,"featured_media":2180,"parent":0,"menu_order":0,"comment_status":"closed","ping_status":"closed","template":"","meta":{"footnotes":""},"class_list":["post-2299","page","type-page","status-publish","has-post-thumbnail","hentry"],"_links":{"self":[{"href":"https:\/\/valeriemilot.com\/fr\/wp-json\/wp\/v2\/pages\/2299","targetHints":{"allow":["GET"]}}],"collection":[{"href":"https:\/\/valeriemilot.com\/fr\/wp-json\/wp\/v2\/pages"}],"about":[{"href":"https:\/\/valeriemilot.com\/fr\/wp-json\/wp\/v2\/types\/page"}],"author":[{"embeddable":true,"href":"https:\/\/valeriemilot.com\/fr\/wp-json\/wp\/v2\/users\/1"}],"replies":[{"embeddable":true,"href":"https:\/\/valeriemilot.com\/fr\/wp-json\/wp\/v2\/comments?post=2299"}],"version-history":[{"count":17,"href":"https:\/\/valeriemilot.com\/fr\/wp-json\/wp\/v2\/pages\/2299\/revisions"}],"predecessor-version":[{"id":6067,"href":"https:\/\/valeriemilot.com\/fr\/wp-json\/wp\/v2\/pages\/2299\/revisions\/6067"}],"wp:featuredmedia":[{"embeddable":true,"href":"https:\/\/valeriemilot.com\/fr\/wp-json\/wp\/v2\/media\/2180"}],"wp:attachment":[{"href":"https:\/\/valeriemilot.com\/fr\/wp-json\/wp\/v2\/media?parent=2299"}],"curies":[{"name":"wp","href":"https:\/\/api.w.org\/{rel}","templated":true}]}}