{"id":2328,"date":"2020-04-16T15:14:27","date_gmt":"2020-04-16T13:14:27","guid":{"rendered":"http:\/\/preprod.valeriemilot.com\/?page_id=2328"},"modified":"2020-05-06T02:25:42","modified_gmt":"2020-05-06T00:25:42","slug":"orbis-musique-technologie","status":"publish","type":"page","link":"https:\/\/valeriemilot.com\/fr\/orbis-musique-technologie\/","title":{"rendered":"Orbis \/ Musique + technologie"},"content":{"rendered":"\t\t<div data-elementor-type=\"wp-post\" data-elementor-id=\"2328\" class=\"elementor elementor-2328 elementor-2714\" data-elementor-post-type=\"page\">\n\t\t\t\t\t\t<section class=\"elementor-section elementor-top-section elementor-element elementor-element-4199104 elementor-section-stretched elementor-section-height-min-height elementor-section-content-bottom elementor-section-boxed elementor-section-height-default elementor-section-items-middle\" data-id=\"4199104\" data-element_type=\"section\" data-e-type=\"section\" data-settings=\"{&quot;stretch_section&quot;:&quot;section-stretched&quot;,&quot;background_background&quot;:&quot;classic&quot;,&quot;shape_divider_bottom&quot;:&quot;tilt&quot;}\">\n\t\t\t\t\t\t\t<div class=\"elementor-background-overlay\"><\/div>\n\t\t\t\t\t\t<div class=\"elementor-shape elementor-shape-bottom\" aria-hidden=\"true\" data-negative=\"false\">\n\t\t\t<svg xmlns=\"http:\/\/www.w3.org\/2000\/svg\" viewBox=\"0 0 1000 100\" preserveAspectRatio=\"none\">\n\t<path class=\"elementor-shape-fill\" d=\"M0,6V0h1000v100L0,6z\"\/>\n<\/svg>\t\t<\/div>\n\t\t\t\t\t<div class=\"elementor-container elementor-column-gap-default\">\n\t\t\t\t\t<div class=\"elementor-column elementor-col-100 elementor-top-column elementor-element elementor-element-074d47a\" data-id=\"074d47a\" data-element_type=\"column\" data-e-type=\"column\">\n\t\t\t<div class=\"elementor-widget-wrap elementor-element-populated\">\n\t\t\t\t\t\t<div class=\"elementor-element elementor-element-e88e4f3 animated-fast elementor-invisible elementor-widget elementor-widget-heading\" data-id=\"e88e4f3\" data-element_type=\"widget\" data-e-type=\"widget\" data-settings=\"{&quot;_animation&quot;:&quot;fadeInUp&quot;}\" data-widget_type=\"heading.default\">\n\t\t\t\t\t<span class=\"elementor-heading-title elementor-size-default\">Val\u00e9rie Milot<\/span>\t\t\t\t<\/div>\n\t\t\t\t<div class=\"elementor-element elementor-element-5ea3d10 animated-fast elementor-invisible elementor-widget elementor-widget-heading\" data-id=\"5ea3d10\" data-element_type=\"widget\" data-e-type=\"widget\" data-settings=\"{&quot;_animation&quot;:&quot;fadeInUp&quot;,&quot;_animation_delay&quot;:200}\" data-widget_type=\"heading.default\">\n\t\t\t\t\t<h1 class=\"elementor-heading-title elementor-size-default\">Orbis\n<br>Musique + technologie\n<\/h1>\t\t\t\t<\/div>\n\t\t\t\t\t<\/div>\n\t\t<\/div>\n\t\t\t\t\t<\/div>\n\t\t<\/section>\n\t\t\t\t<section class=\"elementor-section elementor-top-section elementor-element elementor-element-df1210f elementor-section-boxed elementor-section-height-default elementor-section-height-default\" data-id=\"df1210f\" data-element_type=\"section\" data-e-type=\"section\">\n\t\t\t\t\t\t<div class=\"elementor-container elementor-column-gap-default\">\n\t\t\t\t\t<div class=\"elementor-column elementor-col-100 elementor-top-column elementor-element elementor-element-15f44f1\" data-id=\"15f44f1\" data-element_type=\"column\" data-e-type=\"column\">\n\t\t\t<div class=\"elementor-widget-wrap elementor-element-populated\">\n\t\t\t\t\t\t<div class=\"elementor-element elementor-element-e508d95 elementor-widget elementor-widget-text-editor\" data-id=\"e508d95\" data-element_type=\"widget\" data-e-type=\"widget\" data-widget_type=\"text-editor.default\">\n\t\t\t\t\t\t\t\t\t<p><span style=\"color: #000000;\"><span style=\"font-weight: 400;\">Excentrique et saisissant, <\/span><b><i>Orbis<\/i><\/b><span style=\"font-weight: 400;\"> construit un univers surr\u00e9aliste autour de la harpe de Val\u00e9rie Milot. Seule ou entour\u00e9e virtuellement de plus d\u2019une vingtaine de musiciens, l\u2019artiste interpr\u00e8te un r\u00e9pertoire musical enivrant qui inspire un monde visuel cr\u00e9\u00e9 de projections\u00a0 multi-dimensionnelles.<\/span><\/span><\/p>\t\t\t\t\t\t\t\t<\/div>\n\t\t\t\t\t<\/div>\n\t\t<\/div>\n\t\t\t\t\t<\/div>\n\t\t<\/section>\n\t\t\t\t<section class=\"elementor-section elementor-top-section elementor-element elementor-element-a4a0ccf elementor-section-full_width elementor-section-height-default elementor-section-height-default\" data-id=\"a4a0ccf\" data-element_type=\"section\" data-e-type=\"section\" data-settings=\"{&quot;background_background&quot;:&quot;classic&quot;}\">\n\t\t\t\t\t\t<div class=\"elementor-container elementor-column-gap-default\">\n\t\t\t\t\t<div class=\"elementor-column elementor-col-100 elementor-top-column elementor-element elementor-element-61947e8\" data-id=\"61947e8\" data-element_type=\"column\" data-e-type=\"column\">\n\t\t\t<div class=\"elementor-widget-wrap elementor-element-populated\">\n\t\t\t\t\t\t<div class=\"elementor-element elementor-element-a949764 elementor-widget elementor-widget-video\" data-id=\"a949764\" data-element_type=\"widget\" data-e-type=\"widget\" data-settings=\"{&quot;youtube_url&quot;:&quot;https:\\\/\\\/www.youtube.com\\\/watch?v=URUAs80aab4&amp;fbclid=IwAR32k3UfAw2W76jk1Wsw7R8W-zhWGGzwkKD53RegIarm45noQSkrno1X-98&quot;,&quot;video_type&quot;:&quot;youtube&quot;,&quot;controls&quot;:&quot;yes&quot;}\" data-widget_type=\"video.default\">\n\t\t\t\t\t\t\t<div class=\"elementor-wrapper elementor-open-inline\">\n\t\t\t<div class=\"elementor-video\"><\/div>\t\t<\/div>\n\t\t\t\t\t\t<\/div>\n\t\t\t\t<div class=\"elementor-element elementor-element-3097821 elementor-widget elementor-widget-video\" data-id=\"3097821\" data-element_type=\"widget\" data-e-type=\"widget\" data-settings=\"{&quot;youtube_url&quot;:&quot;https:\\\/\\\/www.youtube.com\\\/watch?v=BUqGS30tKEc&amp;t&quot;,&quot;video_type&quot;:&quot;youtube&quot;,&quot;controls&quot;:&quot;yes&quot;}\" data-widget_type=\"video.default\">\n\t\t\t\t\t\t\t<div class=\"elementor-wrapper elementor-open-inline\">\n\t\t\t<div class=\"elementor-video\"><\/div>\t\t<\/div>\n\t\t\t\t\t\t<\/div>\n\t\t\t\t\t<\/div>\n\t\t<\/div>\n\t\t\t\t\t<\/div>\n\t\t<\/section>\n\t\t\t\t<section class=\"elementor-section elementor-top-section elementor-element elementor-element-ae1184a elementor-section-boxed elementor-section-height-default elementor-section-height-default\" data-id=\"ae1184a\" data-element_type=\"section\" data-e-type=\"section\">\n\t\t\t\t\t\t<div class=\"elementor-container elementor-column-gap-default\">\n\t\t\t\t\t<div class=\"elementor-column elementor-col-100 elementor-top-column elementor-element elementor-element-dcaaa38\" data-id=\"dcaaa38\" data-element_type=\"column\" data-e-type=\"column\">\n\t\t\t<div class=\"elementor-widget-wrap elementor-element-populated\">\n\t\t\t\t\t\t<div class=\"elementor-element elementor-element-afc454f elementor-widget elementor-widget-image-gallery\" data-id=\"afc454f\" data-element_type=\"widget\" data-e-type=\"widget\" data-widget_type=\"image-gallery.default\">\n\t\t\t\t\t\t\t<div class=\"elementor-image-gallery\">\n\t\t\t\n\t\t<style type=\"text\/css\">\n\t\t\t#gallery-1 {\n\t\t\t\tmargin: auto;\n\t\t\t}\n\t\t\t#gallery-1 .gallery-item {\n\t\t\t\tfloat: left;\n\t\t\t\tmargin-top: 10px;\n\t\t\t\ttext-align: center;\n\t\t\t\twidth: 33%;\n\t\t\t}\n\t\t\t#gallery-1 img {\n\t\t\t\tborder: 2px solid #cfcfcf;\n\t\t\t}\n\t\t\t#gallery-1 .gallery-caption {\n\t\t\t\tmargin-left: 0;\n\t\t\t}\n\t\t\t\/* see gallery_shortcode() in wp-includes\/media.php *\/\n\t\t<\/style>\n\t\t<div id='gallery-1' class='gallery galleryid-2328 gallery-columns-3 gallery-size-large'><dl class='gallery-item'>\n\t\t\t<dt class='gallery-icon landscape'>\n\t\t\t\t<a data-elementor-open-lightbox=\"yes\" data-elementor-lightbox-slideshow=\"afc454f\" data-elementor-lightbox-title=\"Orbis1\" data-e-action-hash=\"#elementor-action%3Aaction%3Dlightbox%26settings%3DeyJpZCI6MzcwNCwidXJsIjoiaHR0cHM6XC9cL3ZhbGVyaWVtaWxvdC5jb21cL3dwLWNvbnRlbnRcL3VwbG9hZHNcLzIwMjBcLzA1XC9PcmJpczEuanBnIiwic2xpZGVzaG93IjoiYWZjNDU0ZiJ9\" href='https:\/\/valeriemilot.com\/wp-content\/uploads\/2020\/05\/Orbis1.jpg'><img loading=\"lazy\" decoding=\"async\" width=\"1000\" height=\"667\" src=\"https:\/\/valeriemilot.com\/wp-content\/uploads\/2020\/05\/Orbis1.jpg\" class=\"attachment-large size-large\" alt=\"\" srcset=\"https:\/\/valeriemilot.com\/wp-content\/uploads\/2020\/05\/Orbis1.jpg 1000w, https:\/\/valeriemilot.com\/wp-content\/uploads\/2020\/05\/Orbis1-300x200.jpg 300w, https:\/\/valeriemilot.com\/wp-content\/uploads\/2020\/05\/Orbis1-768x512.jpg 768w, https:\/\/valeriemilot.com\/wp-content\/uploads\/2020\/05\/Orbis1-700x466.jpg 700w, https:\/\/valeriemilot.com\/wp-content\/uploads\/2020\/05\/Orbis1-440x293.jpg 440w\" sizes=\"auto, (max-width: 1000px) 100vw, 1000px\" \/><\/a>\n\t\t\t<\/dt><\/dl><dl class='gallery-item'>\n\t\t\t<dt class='gallery-icon landscape'>\n\t\t\t\t<a data-elementor-open-lightbox=\"yes\" data-elementor-lightbox-slideshow=\"afc454f\" data-elementor-lightbox-title=\"Orbis2\" data-e-action-hash=\"#elementor-action%3Aaction%3Dlightbox%26settings%3DeyJpZCI6MzcwNSwidXJsIjoiaHR0cHM6XC9cL3ZhbGVyaWVtaWxvdC5jb21cL3dwLWNvbnRlbnRcL3VwbG9hZHNcLzIwMjBcLzA1XC9PcmJpczIuanBnIiwic2xpZGVzaG93IjoiYWZjNDU0ZiJ9\" href='https:\/\/valeriemilot.com\/wp-content\/uploads\/2020\/05\/Orbis2.jpg'><img loading=\"lazy\" decoding=\"async\" width=\"1000\" height=\"667\" src=\"https:\/\/valeriemilot.com\/wp-content\/uploads\/2020\/05\/Orbis2.jpg\" class=\"attachment-large size-large\" alt=\"\" srcset=\"https:\/\/valeriemilot.com\/wp-content\/uploads\/2020\/05\/Orbis2.jpg 1000w, https:\/\/valeriemilot.com\/wp-content\/uploads\/2020\/05\/Orbis2-300x200.jpg 300w, https:\/\/valeriemilot.com\/wp-content\/uploads\/2020\/05\/Orbis2-768x512.jpg 768w, https:\/\/valeriemilot.com\/wp-content\/uploads\/2020\/05\/Orbis2-700x466.jpg 700w, https:\/\/valeriemilot.com\/wp-content\/uploads\/2020\/05\/Orbis2-440x293.jpg 440w\" sizes=\"auto, (max-width: 1000px) 100vw, 1000px\" \/><\/a>\n\t\t\t<\/dt><\/dl><dl class='gallery-item'>\n\t\t\t<dt class='gallery-icon landscape'>\n\t\t\t\t<a data-elementor-open-lightbox=\"yes\" data-elementor-lightbox-slideshow=\"afc454f\" data-elementor-lightbox-title=\"Orbis3\" data-e-action-hash=\"#elementor-action%3Aaction%3Dlightbox%26settings%3DeyJpZCI6MzcwNiwidXJsIjoiaHR0cHM6XC9cL3ZhbGVyaWVtaWxvdC5jb21cL3dwLWNvbnRlbnRcL3VwbG9hZHNcLzIwMjBcLzA1XC9PcmJpczMuanBnIiwic2xpZGVzaG93IjoiYWZjNDU0ZiJ9\" href='https:\/\/valeriemilot.com\/wp-content\/uploads\/2020\/05\/Orbis3.jpg'><img loading=\"lazy\" decoding=\"async\" width=\"1000\" height=\"667\" src=\"https:\/\/valeriemilot.com\/wp-content\/uploads\/2020\/05\/Orbis3.jpg\" class=\"attachment-large size-large\" alt=\"\" srcset=\"https:\/\/valeriemilot.com\/wp-content\/uploads\/2020\/05\/Orbis3.jpg 1000w, https:\/\/valeriemilot.com\/wp-content\/uploads\/2020\/05\/Orbis3-300x200.jpg 300w, https:\/\/valeriemilot.com\/wp-content\/uploads\/2020\/05\/Orbis3-768x512.jpg 768w, https:\/\/valeriemilot.com\/wp-content\/uploads\/2020\/05\/Orbis3-700x466.jpg 700w, https:\/\/valeriemilot.com\/wp-content\/uploads\/2020\/05\/Orbis3-440x293.jpg 440w\" sizes=\"auto, (max-width: 1000px) 100vw, 1000px\" \/><\/a>\n\t\t\t<\/dt><\/dl><br style=\"clear: both\" \/>\n\t\t<\/div>\n\t\t<\/div>\n\t\t\t\t\t\t<\/div>\n\t\t\t\t<div class=\"elementor-element elementor-element-fbd7a84 elementor-widget elementor-widget-text-editor\" data-id=\"fbd7a84\" data-element_type=\"widget\" data-e-type=\"widget\" data-widget_type=\"text-editor.default\">\n\t\t\t\t\t\t\t\t\t<p><em>Cr\u00e9dit photo Andr\u00e9 Chevrier<\/em><\/p>\t\t\t\t\t\t\t\t<\/div>\n\t\t\t\t\t<\/div>\n\t\t<\/div>\n\t\t\t\t\t<\/div>\n\t\t<\/section>\n\t\t\t\t<section class=\"elementor-section elementor-top-section elementor-element elementor-element-b8e5f73 elementor-section-boxed elementor-section-height-default elementor-section-height-default\" data-id=\"b8e5f73\" data-element_type=\"section\" data-e-type=\"section\">\n\t\t\t\t\t\t<div class=\"elementor-container elementor-column-gap-default\">\n\t\t\t\t\t<div class=\"elementor-column elementor-col-100 elementor-top-column elementor-element elementor-element-da67c83\" data-id=\"da67c83\" data-element_type=\"column\" data-e-type=\"column\">\n\t\t\t<div class=\"elementor-widget-wrap elementor-element-populated\">\n\t\t\t\t\t\t<div class=\"elementor-element elementor-element-3e37598 elementor-align-center elementor-widget elementor-widget-button\" data-id=\"3e37598\" data-element_type=\"widget\" data-e-type=\"widget\" data-widget_type=\"button.default\">\n\t\t\t\t\t\t\t\t\t\t<a class=\"elementor-button elementor-button-link elementor-size-sm\" href=\"\/wp-content\/uploads\/2020\/04\/Dossier_Presse_Orbis_2019.pdf\" target=\"_blank\">\n\t\t\t\t\t\t<span class=\"elementor-button-content-wrapper\">\n\t\t\t\t\t\t\t\t\t<span class=\"elementor-button-text\">Revue de presse \u2013 Orbis<\/span>\n\t\t\t\t\t<\/span>\n\t\t\t\t\t<\/a>\n\t\t\t\t\t\t\t\t<\/div>\n\t\t\t\t\t<\/div>\n\t\t<\/div>\n\t\t\t\t\t<\/div>\n\t\t<\/section>\n\t\t\t\t<\/div>\n\t\t","protected":false},"excerpt":{"rendered":"<p>Val\u00e9rie Milot Orbis Musique + technologie Excentrique et saisissant, Orbis construit un univers surr\u00e9aliste autour de la harpe de Val\u00e9rie Milot. Seule ou entour\u00e9e virtuellement de plus d\u2019une vingtaine de musiciens, l\u2019artiste interpr\u00e8te un r\u00e9pertoire musical enivrant qui inspire un [&hellip;]<\/p>\n","protected":false},"author":1,"featured_media":2219,"parent":0,"menu_order":0,"comment_status":"closed","ping_status":"closed","template":"","meta":{"footnotes":""},"class_list":["post-2328","page","type-page","status-publish","has-post-thumbnail","hentry"],"_links":{"self":[{"href":"https:\/\/valeriemilot.com\/fr\/wp-json\/wp\/v2\/pages\/2328","targetHints":{"allow":["GET"]}}],"collection":[{"href":"https:\/\/valeriemilot.com\/fr\/wp-json\/wp\/v2\/pages"}],"about":[{"href":"https:\/\/valeriemilot.com\/fr\/wp-json\/wp\/v2\/types\/page"}],"author":[{"embeddable":true,"href":"https:\/\/valeriemilot.com\/fr\/wp-json\/wp\/v2\/users\/1"}],"replies":[{"embeddable":true,"href":"https:\/\/valeriemilot.com\/fr\/wp-json\/wp\/v2\/comments?post=2328"}],"version-history":[{"count":12,"href":"https:\/\/valeriemilot.com\/fr\/wp-json\/wp\/v2\/pages\/2328\/revisions"}],"predecessor-version":[{"id":2778,"href":"https:\/\/valeriemilot.com\/fr\/wp-json\/wp\/v2\/pages\/2328\/revisions\/2778"}],"wp:featuredmedia":[{"embeddable":true,"href":"https:\/\/valeriemilot.com\/fr\/wp-json\/wp\/v2\/media\/2219"}],"wp:attachment":[{"href":"https:\/\/valeriemilot.com\/fr\/wp-json\/wp\/v2\/media?parent=2328"}],"curies":[{"name":"wp","href":"https:\/\/api.w.org\/{rel}","templated":true}]}}