{"id":2337,"date":"2020-04-16T15:23:02","date_gmt":"2020-04-16T13:23:02","guid":{"rendered":"http:\/\/preprod.valeriemilot.com\/?page_id=2337"},"modified":"2022-05-06T09:37:24","modified_gmt":"2022-05-06T13:37:24","slug":"duo-avec-stephane-tetreault-violoncelle-et-harpe","status":"publish","type":"page","link":"https:\/\/valeriemilot.com\/fr\/duo-avec-stephane-tetreault-violoncelle-et-harpe\/","title":{"rendered":"Duo avec St\u00e9phane T\u00e9treault \u2013 violoncelle et harpe"},"content":{"rendered":"\t\t<div data-elementor-type=\"wp-post\" data-elementor-id=\"2337\" class=\"elementor elementor-2337 elementor-2709\" data-elementor-post-type=\"page\">\n\t\t\t\t\t\t<section class=\"elementor-section elementor-top-section elementor-element elementor-element-4199104 elementor-section-stretched elementor-section-height-min-height elementor-section-content-bottom elementor-section-boxed elementor-section-height-default elementor-section-items-middle\" data-id=\"4199104\" data-element_type=\"section\" data-e-type=\"section\" data-settings=\"{&quot;stretch_section&quot;:&quot;section-stretched&quot;,&quot;background_background&quot;:&quot;classic&quot;,&quot;shape_divider_bottom&quot;:&quot;tilt&quot;}\">\n\t\t\t\t\t\t\t<div class=\"elementor-background-overlay\"><\/div>\n\t\t\t\t\t\t<div class=\"elementor-shape elementor-shape-bottom\" aria-hidden=\"true\" data-negative=\"false\">\n\t\t\t<svg xmlns=\"http:\/\/www.w3.org\/2000\/svg\" viewBox=\"0 0 1000 100\" preserveAspectRatio=\"none\">\n\t<path class=\"elementor-shape-fill\" d=\"M0,6V0h1000v100L0,6z\"\/>\n<\/svg>\t\t<\/div>\n\t\t\t\t\t<div class=\"elementor-container elementor-column-gap-default\">\n\t\t\t\t\t<div class=\"elementor-column elementor-col-100 elementor-top-column elementor-element elementor-element-074d47a\" data-id=\"074d47a\" data-element_type=\"column\" data-e-type=\"column\">\n\t\t\t<div class=\"elementor-widget-wrap elementor-element-populated\">\n\t\t\t\t\t\t<div class=\"elementor-element elementor-element-e88e4f3 animated-fast elementor-invisible elementor-widget elementor-widget-heading\" data-id=\"e88e4f3\" data-element_type=\"widget\" data-e-type=\"widget\" data-settings=\"{&quot;_animation&quot;:&quot;fadeInUp&quot;}\" data-widget_type=\"heading.default\">\n\t\t\t\t\t<span class=\"elementor-heading-title elementor-size-default\">Val\u00e9rie Milot et St\u00e9phane T\u00e9treault<\/span>\t\t\t\t<\/div>\n\t\t\t\t<div class=\"elementor-element elementor-element-5ea3d10 animated-fast elementor-invisible elementor-widget elementor-widget-heading\" data-id=\"5ea3d10\" data-element_type=\"widget\" data-e-type=\"widget\" data-settings=\"{&quot;_animation&quot;:&quot;fadeInUp&quot;,&quot;_animation_delay&quot;:200}\" data-widget_type=\"heading.default\">\n\t\t\t\t\t<h1 class=\"elementor-heading-title elementor-size-default\">DUO MILOT-T\u00c9TREAULT<\/h1>\t\t\t\t<\/div>\n\t\t\t\t\t<\/div>\n\t\t<\/div>\n\t\t\t\t\t<\/div>\n\t\t<\/section>\n\t\t\t\t<section class=\"elementor-section elementor-top-section elementor-element elementor-element-d73a9a2 elementor-section-boxed elementor-section-height-default elementor-section-height-default\" data-id=\"d73a9a2\" data-element_type=\"section\" data-e-type=\"section\">\n\t\t\t\t\t\t<div class=\"elementor-container elementor-column-gap-default\">\n\t\t\t\t\t<div class=\"elementor-column elementor-col-100 elementor-top-column elementor-element elementor-element-78f6279\" data-id=\"78f6279\" data-element_type=\"column\" data-e-type=\"column\">\n\t\t\t<div class=\"elementor-widget-wrap elementor-element-populated\">\n\t\t\t\t\t\t<div class=\"elementor-element elementor-element-b7abab4 elementor-widget elementor-widget-heading\" data-id=\"b7abab4\" data-element_type=\"widget\" data-e-type=\"widget\" data-widget_type=\"heading.default\">\n\t\t\t\t\t<h1 class=\"elementor-heading-title elementor-size-xxl\">Transfiguration<\/h1>\t\t\t\t<\/div>\n\t\t\t\t\t<\/div>\n\t\t<\/div>\n\t\t\t\t\t<\/div>\n\t\t<\/section>\n\t\t\t\t<section class=\"elementor-section elementor-top-section elementor-element elementor-element-873e0b4 elementor-section-boxed elementor-section-height-default elementor-section-height-default\" data-id=\"873e0b4\" data-element_type=\"section\" data-e-type=\"section\">\n\t\t\t\t\t\t<div class=\"elementor-container elementor-column-gap-default\">\n\t\t\t\t\t<div class=\"elementor-column elementor-col-100 elementor-top-column elementor-element elementor-element-95420a9\" data-id=\"95420a9\" data-element_type=\"column\" data-e-type=\"column\">\n\t\t\t<div class=\"elementor-widget-wrap elementor-element-populated\">\n\t\t\t\t\t\t<div class=\"elementor-element elementor-element-19085a7 elementor-widget elementor-widget-text-editor\" data-id=\"19085a7\" data-element_type=\"widget\" data-e-type=\"widget\" data-widget_type=\"text-editor.default\">\n\t\t\t\t\t\t\t\t\t<h3><strong>En tourn\u00e9e d\u00e8s l&rsquo;\u00e9t\u00e9 2022<\/strong><\/h3>\t\t\t\t\t\t\t\t<\/div>\n\t\t\t\t\t<\/div>\n\t\t<\/div>\n\t\t\t\t\t<\/div>\n\t\t<\/section>\n\t\t\t\t<section class=\"elementor-section elementor-top-section elementor-element elementor-element-fee0bea elementor-section-boxed elementor-section-height-default elementor-section-height-default\" data-id=\"fee0bea\" data-element_type=\"section\" data-e-type=\"section\">\n\t\t\t\t\t\t<div class=\"elementor-container elementor-column-gap-default\">\n\t\t\t\t\t<div class=\"elementor-column elementor-col-50 elementor-top-column elementor-element elementor-element-0870f5d\" data-id=\"0870f5d\" data-element_type=\"column\" data-e-type=\"column\">\n\t\t\t<div class=\"elementor-widget-wrap elementor-element-populated\">\n\t\t\t\t\t\t<div class=\"elementor-element elementor-element-a5fe415 elementor-widget elementor-widget-image\" data-id=\"a5fe415\" data-element_type=\"widget\" data-e-type=\"widget\" data-widget_type=\"image.default\">\n\t\t\t\t\t\t\t\t\t\t\t\t<figure class=\"wp-caption\">\n\t\t\t\t\t\t\t\t\t\t<img decoding=\"async\" src=\"https:\/\/valeriemilot.com\/wp-content\/uploads\/elementor\/thumbs\/Transfiguration_Shot-01-051_Title_Vertical_sRGB_LowRes-rbx7cl1ke69dpydiiafnc7sgs1f292r59gj5or1ln8.jpg\" title=\"Transfiguration_Shot 01-051_Title_Vertical_sRGB_LowRes\" alt=\"Transfiguration_Shot 01-051_Title_Vertical_sRGB_LowRes\" loading=\"lazy\" \/>\t\t\t\t\t\t\t\t\t\t\t<figcaption class=\"widget-image-caption wp-caption-text\"><\/figcaption>\n\t\t\t\t\t\t\t\t\t\t<\/figure>\n\t\t\t\t\t\t\t\t\t<\/div>\n\t\t\t\t\t<\/div>\n\t\t<\/div>\n\t\t\t\t<div class=\"elementor-column elementor-col-50 elementor-top-column elementor-element elementor-element-039e99e\" data-id=\"039e99e\" data-element_type=\"column\" data-e-type=\"column\">\n\t\t\t<div class=\"elementor-widget-wrap elementor-element-populated\">\n\t\t\t\t\t\t<div class=\"elementor-element elementor-element-173679b elementor-widget elementor-widget-text-editor\" data-id=\"173679b\" data-element_type=\"widget\" data-e-type=\"widget\" data-widget_type=\"text-editor.default\">\n\t\t\t\t\t\t\t\t\t<h3>Val\u00e9rie Milot<br \/>St\u00e9phane T\u00e9treault<\/h3><p><strong>ATMA Classique<br \/>6 mai 2022<\/strong><strong><br \/><\/strong><\/p><p><strong>Premi\u00e8re mondiale<br \/>25-26 mai 2022<br \/>Salle Bourgie &#8211; Montr\u00e9al<br \/>QC, Canada<\/strong><strong><br \/><\/strong><\/p>\t\t\t\t\t\t\t\t<\/div>\n\t\t\t\t<div class=\"elementor-element elementor-element-57c4114 elementor-align-left elementor-widget elementor-widget-button\" data-id=\"57c4114\" data-element_type=\"widget\" data-e-type=\"widget\" data-widget_type=\"button.default\">\n\t\t\t\t\t\t\t\t\t\t<a class=\"elementor-button elementor-button-link elementor-size-sm\" href=\"https:\/\/www.mbam.qc.ca\/fr\/activites\/transfiguration-milottetreault---2-dates-1\/\" target=\"_blank\">\n\t\t\t\t\t\t<span class=\"elementor-button-content-wrapper\">\n\t\t\t\t\t\t\t\t\t<span class=\"elementor-button-text\">R\u00e9server d\u00e8s maintenant!<\/span>\n\t\t\t\t\t<\/span>\n\t\t\t\t\t<\/a>\n\t\t\t\t\t\t\t\t<\/div>\n\t\t\t\t<div class=\"elementor-element elementor-element-ac97783 elementor-widget elementor-widget-spacer\" data-id=\"ac97783\" data-element_type=\"widget\" data-e-type=\"widget\" data-widget_type=\"spacer.default\">\n\t\t\t\t\t\t\t<div class=\"elementor-spacer\">\n\t\t\t<div class=\"elementor-spacer-inner\"><\/div>\n\t\t<\/div>\n\t\t\t\t\t\t<\/div>\n\t\t\t\t<div class=\"elementor-element elementor-element-ea41c5c elementor-widget elementor-widget-image\" data-id=\"ea41c5c\" data-element_type=\"widget\" data-e-type=\"widget\" data-widget_type=\"image.default\">\n\t\t\t\t\t\t\t\t\t\t\t\t<figure class=\"wp-caption\">\n\t\t\t\t\t\t\t\t\t\t\t<a href=\"https:\/\/transfiguration.live\/fr\/\" target=\"_blank\">\n\t\t\t\t\t\t\t<img decoding=\"async\" src=\"https:\/\/valeriemilot.com\/wp-content\/uploads\/elementor\/thumbs\/transfiguration-rbx7cj5rr0huidxgvend6xkbovyj916zolwcbltcdk.png\" title=\"Transfiguration.live\" alt=\"Transfiguration.live\" loading=\"lazy\" \/>\t\t\t\t\t\t\t\t<\/a>\n\t\t\t\t\t\t\t\t\t\t\t<figcaption class=\"widget-image-caption wp-caption-text\">Visiter transfiguration.live<\/figcaption>\n\t\t\t\t\t\t\t\t\t\t<\/figure>\n\t\t\t\t\t\t\t\t\t<\/div>\n\t\t\t\t\t<\/div>\n\t\t<\/div>\n\t\t\t\t\t<\/div>\n\t\t<\/section>\n\t\t\t\t<section class=\"elementor-section elementor-top-section elementor-element elementor-element-6bc30afb elementor-section-boxed elementor-section-height-default elementor-section-height-default\" data-id=\"6bc30afb\" data-element_type=\"section\" data-e-type=\"section\">\n\t\t\t\t\t\t<div class=\"elementor-container elementor-column-gap-default\">\n\t\t\t\t\t<div class=\"elementor-column elementor-col-50 elementor-top-column elementor-element elementor-element-dde3fb4\" data-id=\"dde3fb4\" data-element_type=\"column\" data-e-type=\"column\">\n\t\t\t<div class=\"elementor-widget-wrap elementor-element-populated\">\n\t\t\t\t\t\t<div class=\"elementor-element elementor-element-503117d wplightbox elementor-widget elementor-widget-image\" data-id=\"503117d\" data-element_type=\"widget\" data-e-type=\"widget\" data-widget_type=\"image.default\">\n\t\t\t\t\t\t\t\t\t\t\t\t\t\t\t\t<a href=\"https:\/\/youtu.be\/qMtVeSJey8g\" data-group=\"gallery0\">\n\t\t\t\t\t\t\t<img loading=\"lazy\" decoding=\"async\" width=\"912\" height=\"558\" src=\"https:\/\/valeriemilot.com\/wp-content\/uploads\/2022\/04\/trailer_officiel.jpg\" class=\"attachment-large size-large wp-image-6324\" alt=\"\" srcset=\"https:\/\/valeriemilot.com\/wp-content\/uploads\/2022\/04\/trailer_officiel.jpg 912w, https:\/\/valeriemilot.com\/wp-content\/uploads\/2022\/04\/trailer_officiel-300x184.jpg 300w, https:\/\/valeriemilot.com\/wp-content\/uploads\/2022\/04\/trailer_officiel-768x470.jpg 768w, https:\/\/valeriemilot.com\/wp-content\/uploads\/2022\/04\/trailer_officiel-440x269.jpg 440w\" sizes=\"auto, (max-width: 912px) 100vw, 912px\" \/>\t\t\t\t\t\t\t\t<\/a>\n\t\t\t\t\t\t\t\t\t\t\t\t\t\t\t<\/div>\n\t\t\t\t<div class=\"elementor-element elementor-element-cec73a8 elementor-widget elementor-widget-text-editor\" data-id=\"cec73a8\" data-element_type=\"widget\" data-e-type=\"widget\" data-widget_type=\"text-editor.default\">\n\t\t\t\t\t\t\t\t\t<p><strong>Bande-annonce officielle &#8211; Printemps 2022<\/strong><\/p>\t\t\t\t\t\t\t\t<\/div>\n\t\t\t\t\t<\/div>\n\t\t<\/div>\n\t\t\t\t<div class=\"elementor-column elementor-col-50 elementor-top-column elementor-element elementor-element-67bc221d\" data-id=\"67bc221d\" data-element_type=\"column\" data-e-type=\"column\">\n\t\t\t<div class=\"elementor-widget-wrap elementor-element-populated\">\n\t\t\t\t\t\t<div class=\"elementor-element elementor-element-19cce09d wplightbox elementor-widget elementor-widget-image\" data-id=\"19cce09d\" data-element_type=\"widget\" data-e-type=\"widget\" data-widget_type=\"image.default\">\n\t\t\t\t\t\t\t\t\t\t\t\t\t\t\t\t<a href=\"https:\/\/www.youtube.com\/watch?v=mgk1RnfFm9g\" data-group=\"gallery0\">\n\t\t\t\t\t\t\t<img loading=\"lazy\" decoding=\"async\" width=\"912\" height=\"558\" src=\"https:\/\/valeriemilot.com\/wp-content\/uploads\/2022\/02\/residence-1-1.jpg\" class=\"attachment-large size-large wp-image-6025\" alt=\"\" srcset=\"https:\/\/valeriemilot.com\/wp-content\/uploads\/2022\/02\/residence-1-1.jpg 912w, https:\/\/valeriemilot.com\/wp-content\/uploads\/2022\/02\/residence-1-1-300x184.jpg 300w, https:\/\/valeriemilot.com\/wp-content\/uploads\/2022\/02\/residence-1-1-768x470.jpg 768w, https:\/\/valeriemilot.com\/wp-content\/uploads\/2022\/02\/residence-1-1-440x269.jpg 440w\" sizes=\"auto, (max-width: 912px) 100vw, 912px\" \/>\t\t\t\t\t\t\t\t<\/a>\n\t\t\t\t\t\t\t\t\t\t\t\t\t\t\t<\/div>\n\t\t\t\t<div class=\"elementor-element elementor-element-45d30b01 elementor-widget elementor-widget-text-editor\" data-id=\"45d30b01\" data-element_type=\"widget\" data-e-type=\"widget\" data-widget_type=\"text-editor.default\">\n\t\t\t\t\t\t\t\t\t<p><strong>Transfiguration en production<\/strong><br \/>R\u00e9sidence technique \u00e0 la Maison de la culture de Pointe-Aux Trembles pour la cr\u00e9ation de Transfiguration, mettant en sc\u00e8ne la harpiste Val\u00e9rie Milot et le violoncelliste St\u00e9phane T\u00e9treault.<\/p>\t\t\t\t\t\t\t\t<\/div>\n\t\t\t\t\t<\/div>\n\t\t<\/div>\n\t\t\t\t\t<\/div>\n\t\t<\/section>\n\t\t\t\t<section class=\"elementor-section elementor-top-section elementor-element elementor-element-e09f620 elementor-section-boxed elementor-section-height-default elementor-section-height-default\" data-id=\"e09f620\" data-element_type=\"section\" data-e-type=\"section\">\n\t\t\t\t\t\t<div class=\"elementor-container elementor-column-gap-default\">\n\t\t\t\t\t<div class=\"elementor-column elementor-col-50 elementor-top-column elementor-element elementor-element-8ec8db4\" data-id=\"8ec8db4\" data-element_type=\"column\" data-e-type=\"column\">\n\t\t\t<div class=\"elementor-widget-wrap elementor-element-populated\">\n\t\t\t\t\t\t<div class=\"elementor-element elementor-element-24b82d5 wplightbox elementor-widget elementor-widget-image\" data-id=\"24b82d5\" data-element_type=\"widget\" data-e-type=\"widget\" data-widget_type=\"image.default\">\n\t\t\t\t\t\t\t\t\t\t\t\t\t\t\t\t<a href=\"https:\/\/www.youtube.com\/watch?v=PrtZtPAjzkA\" data-group=\"gallery0\">\n\t\t\t\t\t\t\t<img loading=\"lazy\" decoding=\"async\" width=\"912\" height=\"558\" src=\"https:\/\/valeriemilot.com\/wp-content\/uploads\/2022\/01\/album_Making_Of.jpg\" class=\"attachment-large size-large wp-image-5406\" alt=\"\" srcset=\"https:\/\/valeriemilot.com\/wp-content\/uploads\/2022\/01\/album_Making_Of.jpg 912w, https:\/\/valeriemilot.com\/wp-content\/uploads\/2022\/01\/album_Making_Of-300x184.jpg 300w, https:\/\/valeriemilot.com\/wp-content\/uploads\/2022\/01\/album_Making_Of-768x470.jpg 768w, https:\/\/valeriemilot.com\/wp-content\/uploads\/2022\/01\/album_Making_Of-440x269.jpg 440w\" sizes=\"auto, (max-width: 912px) 100vw, 912px\" \/>\t\t\t\t\t\t\t\t<\/a>\n\t\t\t\t\t\t\t\t\t\t\t\t\t\t\t<\/div>\n\t\t\t\t<div class=\"elementor-element elementor-element-1b1f536 elementor-widget elementor-widget-text-editor\" data-id=\"1b1f536\" data-element_type=\"widget\" data-e-type=\"widget\" data-widget_type=\"text-editor.default\">\n\t\t\t\t\t\t\t\t\t<p><strong>Cr\u00e9ation de l&rsquo;album<\/strong><br \/>Enregistrement de l&rsquo;album Transfiguration au Domaine Forget de Charlevoix en novembre 2021, avec St\u00e9phane T\u00e9treault, Bernard Riche, Carl Talbot (Musicom) et Philippe Bouvrette.<\/p>\t\t\t\t\t\t\t\t<\/div>\n\t\t\t\t\t<\/div>\n\t\t<\/div>\n\t\t\t\t<div class=\"elementor-column elementor-col-50 elementor-top-column elementor-element elementor-element-0473ee7\" data-id=\"0473ee7\" data-element_type=\"column\" data-e-type=\"column\">\n\t\t\t<div class=\"elementor-widget-wrap elementor-element-populated\">\n\t\t\t\t\t\t<div class=\"elementor-element elementor-element-07e4183 wplightbox elementor-widget elementor-widget-image\" data-id=\"07e4183\" data-element_type=\"widget\" data-e-type=\"widget\" data-widget_type=\"image.default\">\n\t\t\t\t\t\t\t\t\t\t\t\t\t\t\t\t<a href=\"https:\/\/www.youtube.com\/watch?v=Kil5yxX6_nc\" data-group=\"gallery0\">\n\t\t\t\t\t\t\t<img loading=\"lazy\" decoding=\"async\" width=\"912\" height=\"558\" src=\"https:\/\/valeriemilot.com\/wp-content\/uploads\/2022\/01\/Presentation_du_projet.jpg\" class=\"attachment-large size-large wp-image-5410\" alt=\"\" srcset=\"https:\/\/valeriemilot.com\/wp-content\/uploads\/2022\/01\/Presentation_du_projet.jpg 912w, https:\/\/valeriemilot.com\/wp-content\/uploads\/2022\/01\/Presentation_du_projet-300x184.jpg 300w, https:\/\/valeriemilot.com\/wp-content\/uploads\/2022\/01\/Presentation_du_projet-768x470.jpg 768w, https:\/\/valeriemilot.com\/wp-content\/uploads\/2022\/01\/Presentation_du_projet-440x269.jpg 440w\" sizes=\"auto, (max-width: 912px) 100vw, 912px\" \/>\t\t\t\t\t\t\t\t<\/a>\n\t\t\t\t\t\t\t\t\t\t\t\t\t\t\t<\/div>\n\t\t\t\t<div class=\"elementor-element elementor-element-53d9f2a elementor-widget elementor-widget-text-editor\" data-id=\"53d9f2a\" data-element_type=\"widget\" data-e-type=\"widget\" data-widget_type=\"text-editor.default\">\n\t\t\t\t\t\t\t\t\t<p><strong>Pr\u00e9sentation du projet<\/strong><br \/>Session photo au studio LEFAR |\u00a0Photo : Fr\u00e9d\u00e9rik Robitaille | Style : Alicia Leclerc | Coiffure et maquillage : Julie Cusson | Vid\u00e9o : Olivier Magnan<\/p>\t\t\t\t\t\t\t\t<\/div>\n\t\t\t\t\t<\/div>\n\t\t<\/div>\n\t\t\t\t\t<\/div>\n\t\t<\/section>\n\t\t\t\t<section class=\"elementor-section elementor-top-section elementor-element elementor-element-ff092ce elementor-section-boxed elementor-section-height-default elementor-section-height-default\" data-id=\"ff092ce\" data-element_type=\"section\" data-e-type=\"section\">\n\t\t\t\t\t\t<div class=\"elementor-container elementor-column-gap-default\">\n\t\t\t\t\t<div class=\"elementor-column elementor-col-100 elementor-top-column elementor-element elementor-element-0cfc3ec\" data-id=\"0cfc3ec\" data-element_type=\"column\" data-e-type=\"column\">\n\t\t\t<div class=\"elementor-widget-wrap elementor-element-populated\">\n\t\t\t\t\t\t<div class=\"elementor-element elementor-element-c92ca61 elementor-widget elementor-widget-text-editor\" data-id=\"c92ca61\" data-element_type=\"widget\" data-e-type=\"widget\" data-widget_type=\"text-editor.default\">\n\t\t\t\t\t\t\t\t\t<h5 style=\"text-align: center;\">Programme<\/h5><p style=\"text-align: center;\"><b>Fran\u00e7ois Valli\u00e8res <\/b>Double-Monologue<br \/><b>Alexandre Grogg<\/b> Trois variations sur <em>La Folia<br \/><\/em><b>Caroline Lizotte<\/b>\u00a0Close for Couloir<br \/><b>Marjan Mozetich <\/b>Sentiment transfigur\u00e9<br \/><b>Alexandre Grogg <\/b>D&rsquo;un Cygne l&rsquo;autre<br \/><b>Kelly-Marie Murphy <\/b>Si veriash a la rana<br \/><b>Gentle Giant\u00a0<\/b>Cogs in Cogs (arr. Fran\u00e7ois Valli\u00e8res)<\/p>\t\t\t\t\t\t\t\t<\/div>\n\t\t\t\t\t<\/div>\n\t\t<\/div>\n\t\t\t\t\t<\/div>\n\t\t<\/section>\n\t\t\t\t<section class=\"elementor-section elementor-top-section elementor-element elementor-element-f8deecb elementor-section-boxed elementor-section-height-default elementor-section-height-default\" data-id=\"f8deecb\" data-element_type=\"section\" data-e-type=\"section\">\n\t\t\t\t\t\t<div class=\"elementor-container elementor-column-gap-default\">\n\t\t\t\t\t<div class=\"elementor-column elementor-col-100 elementor-top-column elementor-element elementor-element-bea305f\" data-id=\"bea305f\" data-element_type=\"column\" data-e-type=\"column\">\n\t\t\t<div class=\"elementor-widget-wrap elementor-element-populated\">\n\t\t\t\t\t\t<div class=\"elementor-element elementor-element-c03c990 elementor-widget elementor-widget-text-editor\" data-id=\"c03c990\" data-element_type=\"widget\" data-e-type=\"widget\" data-widget_type=\"text-editor.default\">\n\t\t\t\t\t\t\t\t\t<p>Transfiguration est un concert-exp\u00e9rience qui met en sc\u00e8ne la harpiste Val\u00e9rie Milot et le violoncelliste St\u00e9phane T\u00e9treault dans un environnement num\u00e9rique cin\u00e9matographique envoutant. Une exp\u00e9rience totale est propos\u00e9e au spectateur, tant visuelle qu\u2019auditive. \u00c0 travers une mise en sc\u00e8ne o\u00f9 la musique se retrouve transform\u00e9e par le biais d\u2019images projet\u00e9es, la relation entre les deux musiciens \u00e9volue jusqu\u2019\u00e0 la transfiguration finale.<\/p>\t\t\t\t\t\t\t\t<\/div>\n\t\t\t\t\t<\/div>\n\t\t<\/div>\n\t\t\t\t\t<\/div>\n\t\t<\/section>\n\t\t\t\t<section class=\"elementor-section elementor-top-section elementor-element elementor-element-cfb3c96 elementor-section-boxed elementor-section-height-default elementor-section-height-default\" data-id=\"cfb3c96\" data-element_type=\"section\" data-e-type=\"section\">\n\t\t\t\t\t\t<div class=\"elementor-container elementor-column-gap-default\">\n\t\t\t\t\t<div class=\"elementor-column elementor-col-100 elementor-top-column elementor-element elementor-element-579dd8f\" data-id=\"579dd8f\" data-element_type=\"column\" data-e-type=\"column\">\n\t\t\t<div class=\"elementor-widget-wrap elementor-element-populated\">\n\t\t\t\t\t\t<div class=\"elementor-element elementor-element-98eeca0 elementor-widget elementor-widget-text-editor\" data-id=\"98eeca0\" data-element_type=\"widget\" data-e-type=\"widget\" data-widget_type=\"text-editor.default\">\n\t\t\t\t\t\t\t\t\t<h5>Information et booking:<\/h5><p><b>Louis-Philippe H\u00e9bert<br \/><\/b><span style=\"font-size: 16px; letter-spacing: 0px;\">Portable &amp; WhatsApp<br \/><\/span><span style=\"font-size: 16px; letter-spacing: 0px;\">+1 (819) 620-4071<br \/><\/span><span style=\"font-size: 16px; letter-spacing: 0px;\">+ 55 951 292 8165<br \/><\/span><a style=\"font-size: 16px; letter-spacing: 0px;\" href=\"mailto:agent@anemone47.com\">agent@anemone47.com<\/a><\/p>\t\t\t\t\t\t\t\t<\/div>\n\t\t\t\t\t<\/div>\n\t\t<\/div>\n\t\t\t\t\t<\/div>\n\t\t<\/section>\n\t\t\t\t<\/div>\n\t\t","protected":false},"excerpt":{"rendered":"<p>Val\u00e9rie Milot et St\u00e9phane T\u00e9treault DUO MILOT-T\u00c9TREAULT Transfiguration En tourn\u00e9e d\u00e8s l&rsquo;\u00e9t\u00e9 2022 Val\u00e9rie MilotSt\u00e9phane T\u00e9treault ATMA Classique6 mai 2022 Premi\u00e8re mondiale25-26 mai 2022Salle Bourgie &#8211; Montr\u00e9alQC, Canada R\u00e9server d\u00e8s maintenant! Visiter transfiguration.live Bande-annonce officielle &#8211; Printemps 2022 Transfiguration en [&hellip;]<\/p>\n","protected":false},"author":1,"featured_media":2221,"parent":0,"menu_order":0,"comment_status":"closed","ping_status":"closed","template":"","meta":{"footnotes":""},"class_list":["post-2337","page","type-page","status-publish","has-post-thumbnail","hentry"],"_links":{"self":[{"href":"https:\/\/valeriemilot.com\/fr\/wp-json\/wp\/v2\/pages\/2337","targetHints":{"allow":["GET"]}}],"collection":[{"href":"https:\/\/valeriemilot.com\/fr\/wp-json\/wp\/v2\/pages"}],"about":[{"href":"https:\/\/valeriemilot.com\/fr\/wp-json\/wp\/v2\/types\/page"}],"author":[{"embeddable":true,"href":"https:\/\/valeriemilot.com\/fr\/wp-json\/wp\/v2\/users\/1"}],"replies":[{"embeddable":true,"href":"https:\/\/valeriemilot.com\/fr\/wp-json\/wp\/v2\/comments?post=2337"}],"version-history":[{"count":161,"href":"https:\/\/valeriemilot.com\/fr\/wp-json\/wp\/v2\/pages\/2337\/revisions"}],"predecessor-version":[{"id":6402,"href":"https:\/\/valeriemilot.com\/fr\/wp-json\/wp\/v2\/pages\/2337\/revisions\/6402"}],"wp:featuredmedia":[{"embeddable":true,"href":"https:\/\/valeriemilot.com\/fr\/wp-json\/wp\/v2\/media\/2221"}],"wp:attachment":[{"href":"https:\/\/valeriemilot.com\/fr\/wp-json\/wp\/v2\/media?parent=2337"}],"curies":[{"name":"wp","href":"https:\/\/api.w.org\/{rel}","templated":true}]}}