{"id":2343,"date":"2020-04-16T15:27:36","date_gmt":"2020-04-16T13:27:36","guid":{"rendered":"http:\/\/preprod.valeriemilot.com\/?page_id=2343"},"modified":"2022-02-12T12:27:09","modified_gmt":"2022-02-12T16:27:09","slug":"trio-con-moto-alto-flute-et-harpe","status":"publish","type":"page","link":"https:\/\/valeriemilot.com\/fr\/trio-con-moto-alto-flute-et-harpe\/","title":{"rendered":"Trio Con Moto \u2013 Alto, fl\u00fbte et harpe"},"content":{"rendered":"\t\t<div data-elementor-type=\"wp-post\" data-elementor-id=\"2343\" class=\"elementor elementor-2343 elementor-2722\" data-elementor-post-type=\"page\">\n\t\t\t\t\t\t<section class=\"elementor-section elementor-top-section elementor-element elementor-element-4199104 elementor-section-stretched elementor-section-height-min-height elementor-section-content-bottom elementor-section-boxed elementor-section-height-default elementor-section-items-middle\" data-id=\"4199104\" data-element_type=\"section\" data-e-type=\"section\" data-settings=\"{&quot;stretch_section&quot;:&quot;section-stretched&quot;,&quot;background_background&quot;:&quot;classic&quot;,&quot;shape_divider_bottom&quot;:&quot;tilt&quot;}\">\n\t\t\t\t\t\t\t<div class=\"elementor-background-overlay\"><\/div>\n\t\t\t\t\t\t<div class=\"elementor-shape elementor-shape-bottom\" aria-hidden=\"true\" data-negative=\"false\">\n\t\t\t<svg xmlns=\"http:\/\/www.w3.org\/2000\/svg\" viewBox=\"0 0 1000 100\" preserveAspectRatio=\"none\">\n\t<path class=\"elementor-shape-fill\" d=\"M0,6V0h1000v100L0,6z\"\/>\n<\/svg>\t\t<\/div>\n\t\t\t\t\t<div class=\"elementor-container elementor-column-gap-default\">\n\t\t\t\t\t<div class=\"elementor-column elementor-col-100 elementor-top-column elementor-element elementor-element-074d47a\" data-id=\"074d47a\" data-element_type=\"column\" data-e-type=\"column\">\n\t\t\t<div class=\"elementor-widget-wrap elementor-element-populated\">\n\t\t\t\t\t\t<div class=\"elementor-element elementor-element-e88e4f3 animated-fast elementor-invisible elementor-widget elementor-widget-heading\" data-id=\"e88e4f3\" data-element_type=\"widget\" data-e-type=\"widget\" data-settings=\"{&quot;_animation&quot;:&quot;fadeInUp&quot;}\" data-widget_type=\"heading.default\">\n\t\t\t\t\t<span class=\"elementor-heading-title elementor-size-default\">Jocelyne Roy, Elvira Misbakhova et Val\u00e9rie Milot<\/span>\t\t\t\t<\/div>\n\t\t\t\t<div class=\"elementor-element elementor-element-5ea3d10 animated-fast elementor-invisible elementor-widget elementor-widget-heading\" data-id=\"5ea3d10\" data-element_type=\"widget\" data-e-type=\"widget\" data-settings=\"{&quot;_animation&quot;:&quot;fadeInUp&quot;,&quot;_animation_delay&quot;:200}\" data-widget_type=\"heading.default\">\n\t\t\t\t\t<h1 class=\"elementor-heading-title elementor-size-default\">Trio Con Moto\n<br>Alto, fl\u00fbte et harpe<\/h1>\t\t\t\t<\/div>\n\t\t\t\t\t<\/div>\n\t\t<\/div>\n\t\t\t\t\t<\/div>\n\t\t<\/section>\n\t\t\t\t<section class=\"elementor-section elementor-top-section elementor-element elementor-element-a4a0ccf elementor-section-full_width elementor-section-height-default elementor-section-height-default\" data-id=\"a4a0ccf\" data-element_type=\"section\" data-e-type=\"section\" data-settings=\"{&quot;background_background&quot;:&quot;classic&quot;}\">\n\t\t\t\t\t\t<div class=\"elementor-container elementor-column-gap-default\">\n\t\t\t\t\t<div class=\"elementor-column elementor-col-100 elementor-top-column elementor-element elementor-element-61947e8\" data-id=\"61947e8\" data-element_type=\"column\" data-e-type=\"column\">\n\t\t\t<div class=\"elementor-widget-wrap elementor-element-populated\">\n\t\t\t\t\t\t<div class=\"elementor-element elementor-element-e508d95 elementor-widget elementor-widget-text-editor\" data-id=\"e508d95\" data-element_type=\"widget\" data-e-type=\"widget\" data-widget_type=\"text-editor.default\">\n\t\t\t\t\t\t\t\t\t<p><span style=\"color: #000000;\"><span style=\"font-weight: 400;\">Les musiciennes <\/span><b>Jocelyne Roy<\/b><span style=\"font-weight: 400;\">, fl\u00fbte,\u00a0<\/span><b>Elvira Misbakhova<\/b><span style=\"font-weight: 400;\">, alto, et\u00a0<\/span><b>Val\u00e9rie Milot<\/b><span style=\"font-weight: 400;\">, harpe,\u00a0peignent une fresque impressionniste aux couleurs chatoyantes et chantantes, sur les notes de Debussy, de Ravel, de Goubajdullina et d\u2019Ichmouratov.<\/span><\/span><\/p>\t\t\t\t\t\t\t\t<\/div>\n\t\t\t\t\t<\/div>\n\t\t<\/div>\n\t\t\t\t\t<\/div>\n\t\t<\/section>\n\t\t\t\t<section class=\"elementor-section elementor-top-section elementor-element elementor-element-8504256 elementor-section-boxed elementor-section-height-default elementor-section-height-default\" data-id=\"8504256\" data-element_type=\"section\" data-e-type=\"section\">\n\t\t\t\t\t\t<div class=\"elementor-container elementor-column-gap-default\">\n\t\t\t\t\t<div class=\"elementor-column elementor-col-100 elementor-top-column elementor-element elementor-element-e5d5638\" data-id=\"e5d5638\" data-element_type=\"column\" data-e-type=\"column\">\n\t\t\t<div class=\"elementor-widget-wrap elementor-element-populated\">\n\t\t\t\t\t\t<div class=\"elementor-element elementor-element-077e38c elementor-widget elementor-widget-video\" data-id=\"077e38c\" data-element_type=\"widget\" data-e-type=\"widget\" data-settings=\"{&quot;youtube_url&quot;:&quot;https:\\\/\\\/youtu.be\\\/xlesWzQSyr4&quot;,&quot;video_type&quot;:&quot;youtube&quot;,&quot;controls&quot;:&quot;yes&quot;}\" data-widget_type=\"video.default\">\n\t\t\t\t\t\t\t<div class=\"elementor-wrapper elementor-open-inline\">\n\t\t\t<div class=\"elementor-video\"><\/div>\t\t<\/div>\n\t\t\t\t\t\t<\/div>\n\t\t\t\t\t<\/div>\n\t\t<\/div>\n\t\t\t\t\t<\/div>\n\t\t<\/section>\n\t\t\t\t<\/div>\n\t\t","protected":false},"excerpt":{"rendered":"<p>Jocelyne Roy, Elvira Misbakhova et Val\u00e9rie Milot Trio Con Moto Alto, fl\u00fbte et harpe Les musiciennes Jocelyne Roy, fl\u00fbte,\u00a0Elvira Misbakhova, alto, et\u00a0Val\u00e9rie Milot, harpe,\u00a0peignent une fresque impressionniste aux couleurs chatoyantes et chantantes, sur les notes de Debussy, de Ravel, de [&hellip;]<\/p>\n","protected":false},"author":1,"featured_media":2218,"parent":0,"menu_order":0,"comment_status":"closed","ping_status":"closed","template":"","meta":{"footnotes":""},"class_list":["post-2343","page","type-page","status-publish","has-post-thumbnail","hentry"],"_links":{"self":[{"href":"https:\/\/valeriemilot.com\/fr\/wp-json\/wp\/v2\/pages\/2343","targetHints":{"allow":["GET"]}}],"collection":[{"href":"https:\/\/valeriemilot.com\/fr\/wp-json\/wp\/v2\/pages"}],"about":[{"href":"https:\/\/valeriemilot.com\/fr\/wp-json\/wp\/v2\/types\/page"}],"author":[{"embeddable":true,"href":"https:\/\/valeriemilot.com\/fr\/wp-json\/wp\/v2\/users\/1"}],"replies":[{"embeddable":true,"href":"https:\/\/valeriemilot.com\/fr\/wp-json\/wp\/v2\/comments?post=2343"}],"version-history":[{"count":12,"href":"https:\/\/valeriemilot.com\/fr\/wp-json\/wp\/v2\/pages\/2343\/revisions"}],"predecessor-version":[{"id":6064,"href":"https:\/\/valeriemilot.com\/fr\/wp-json\/wp\/v2\/pages\/2343\/revisions\/6064"}],"wp:featuredmedia":[{"embeddable":true,"href":"https:\/\/valeriemilot.com\/fr\/wp-json\/wp\/v2\/media\/2218"}],"wp:attachment":[{"href":"https:\/\/valeriemilot.com\/fr\/wp-json\/wp\/v2\/media?parent=2343"}],"curies":[{"name":"wp","href":"https:\/\/api.w.org\/{rel}","templated":true}]}}