{"id":2349,"date":"2020-04-16T15:32:36","date_gmt":"2020-04-16T13:32:36","guid":{"rendered":"http:\/\/preprod.valeriemilot.com\/?page_id=2349"},"modified":"2023-01-25T16:00:15","modified_gmt":"2023-01-25T20:00:15","slug":"solo-harpe-classique","status":"publish","type":"page","link":"https:\/\/valeriemilot.com\/fr\/solo-harpe-classique\/","title":{"rendered":"Solo \u2013 harpe classique"},"content":{"rendered":"\t\t<div data-elementor-type=\"wp-post\" data-elementor-id=\"2349\" class=\"elementor elementor-2349 elementor-2698\" data-elementor-post-type=\"page\">\n\t\t\t\t\t\t<section class=\"elementor-section elementor-top-section elementor-element elementor-element-4199104 elementor-section-stretched elementor-section-height-min-height elementor-section-content-bottom elementor-section-boxed elementor-section-height-default elementor-section-items-middle\" data-id=\"4199104\" data-element_type=\"section\" data-e-type=\"section\" data-settings=\"{&quot;stretch_section&quot;:&quot;section-stretched&quot;,&quot;background_background&quot;:&quot;classic&quot;,&quot;shape_divider_bottom&quot;:&quot;tilt&quot;}\">\n\t\t\t\t\t\t\t<div class=\"elementor-background-overlay\"><\/div>\n\t\t\t\t\t\t<div class=\"elementor-shape elementor-shape-bottom\" aria-hidden=\"true\" data-negative=\"false\">\n\t\t\t<svg xmlns=\"http:\/\/www.w3.org\/2000\/svg\" viewBox=\"0 0 1000 100\" preserveAspectRatio=\"none\">\n\t<path class=\"elementor-shape-fill\" d=\"M0,6V0h1000v100L0,6z\"\/>\n<\/svg>\t\t<\/div>\n\t\t\t\t\t<div class=\"elementor-container elementor-column-gap-default\">\n\t\t\t\t\t<div class=\"elementor-column elementor-col-100 elementor-top-column elementor-element elementor-element-074d47a\" data-id=\"074d47a\" data-element_type=\"column\" data-e-type=\"column\">\n\t\t\t<div class=\"elementor-widget-wrap elementor-element-populated\">\n\t\t\t\t\t\t<div class=\"elementor-element elementor-element-e88e4f3 animated-fast elementor-invisible elementor-widget elementor-widget-heading\" data-id=\"e88e4f3\" data-element_type=\"widget\" data-e-type=\"widget\" data-settings=\"{&quot;_animation&quot;:&quot;fadeInUp&quot;}\" data-widget_type=\"heading.default\">\n\t\t\t\t\t<span class=\"elementor-heading-title elementor-size-default\">Val\u00e9rie Milot<\/span>\t\t\t\t<\/div>\n\t\t\t\t<div class=\"elementor-element elementor-element-5ea3d10 animated-fast elementor-invisible elementor-widget elementor-widget-heading\" data-id=\"5ea3d10\" data-element_type=\"widget\" data-e-type=\"widget\" data-settings=\"{&quot;_animation&quot;:&quot;fadeInUp&quot;,&quot;_animation_delay&quot;:200}\" data-widget_type=\"heading.default\">\n\t\t\t\t\t<h1 class=\"elementor-heading-title elementor-size-default\"> Solo\n<br>Harpe classique<\/h1>\t\t\t\t<\/div>\n\t\t\t\t\t<\/div>\n\t\t<\/div>\n\t\t\t\t\t<\/div>\n\t\t<\/section>\n\t\t\t\t<section class=\"elementor-section elementor-top-section elementor-element elementor-element-a4a0ccf elementor-section-full_width elementor-section-height-default elementor-section-height-default\" data-id=\"a4a0ccf\" data-element_type=\"section\" data-e-type=\"section\" data-settings=\"{&quot;background_background&quot;:&quot;classic&quot;}\">\n\t\t\t\t\t\t<div class=\"elementor-container elementor-column-gap-default\">\n\t\t\t\t\t<div class=\"elementor-column elementor-col-100 elementor-top-column elementor-element elementor-element-61947e8\" data-id=\"61947e8\" data-element_type=\"column\" data-e-type=\"column\">\n\t\t\t<div class=\"elementor-widget-wrap elementor-element-populated\">\n\t\t\t\t\t\t<div class=\"elementor-element elementor-element-e508d95 elementor-widget elementor-widget-text-editor\" data-id=\"e508d95\" data-element_type=\"widget\" data-e-type=\"widget\" data-widget_type=\"text-editor.default\">\n\t\t\t\t\t\t\t\t\t<p><span style=\"color: #000000;\"><span style=\"font-weight: 400;\">Dans ce nouveau concert, Val\u00e9rie pr\u00e9sente le r\u00e9pertoire de son neuvi\u00e8me et dernier album, <\/span><i><span style=\"font-weight: 400;\">Solo<\/span><\/i><span style=\"font-weight: 400;\">. Elle y fait l\u2019exercice de transcrire ses pages pr\u00e9f\u00e9r\u00e9es de la musique dite classique.\u00a0 Paganini, Schubert, Mendelssohn, Elgar, Mahler, Tarrega, Bach et Henry se c\u00f4toient et r\u00e9sonnent dans les cordes \u00ab d\u2019Apollonia \u00bb, une rare harpe de Salvi existant dans le monde.<\/span><\/span><\/p><p><span style=\"color: #000000;\"><span style=\"font-weight: 400;\">\u00ab<\/span><i><span style=\"font-weight: 400;\"> Solo<\/span><\/i><span style=\"font-weight: 400;\"> est le r\u00e9sultat d\u2019un processus d\u2019introspection o\u00f9 j\u2019ai pu explorer plus profond\u00e9ment le lien avec mon instrument. \u00c0 travers les transcriptions,\u00a0 j\u2019ai red\u00e9fini\u00a0 ma relation avec les possibilit\u00e9s techniques de la harpe et concentr\u00e9 mes efforts \u00e0 traduire les gestes musicaux, au-del\u00e0 des notes. Cet exercice a pouss\u00e9 plus loin mon approche interpr\u00e9tative des\u00a0 \u0153uvres, ce qui fut certainement constructif. \u00bb \u00a0Elle est \u00e0 m\u00eame de constater que ces adaptations lui permettent de rejoindre plus de gens et d\u2019accomplir un des mandats qui lui est cher: d\u00e9mystifier la harpe et son univers.<\/span><\/span><\/p>\t\t\t\t\t\t\t\t<\/div>\n\t\t\t\t<div class=\"elementor-element elementor-element-b7f35c0 elementor-align-center elementor-widget elementor-widget-button\" data-id=\"b7f35c0\" data-element_type=\"widget\" data-e-type=\"widget\" data-widget_type=\"button.default\">\n\t\t\t\t\t\t\t\t\t\t<a class=\"elementor-button elementor-button-link elementor-size-sm\" href=\"\/fr\/audio\/\">\n\t\t\t\t\t\t<span class=\"elementor-button-content-wrapper\">\n\t\t\t\t\t\t\t\t\t<span class=\"elementor-button-text\">En savoir plus sur l\u2019album <\/span>\n\t\t\t\t\t<\/span>\n\t\t\t\t\t<\/a>\n\t\t\t\t\t\t\t\t<\/div>\n\t\t\t\t\t<\/div>\n\t\t<\/div>\n\t\t\t\t\t<\/div>\n\t\t<\/section>\n\t\t\t\t<section class=\"elementor-section elementor-top-section elementor-element elementor-element-5388d9b elementor-section-boxed elementor-section-height-default elementor-section-height-default\" data-id=\"5388d9b\" data-element_type=\"section\" data-e-type=\"section\">\n\t\t\t\t\t\t<div class=\"elementor-container elementor-column-gap-default\">\n\t\t\t\t\t<div class=\"elementor-column elementor-col-100 elementor-top-column elementor-element elementor-element-3323251\" data-id=\"3323251\" data-element_type=\"column\" data-e-type=\"column\">\n\t\t\t<div class=\"elementor-widget-wrap elementor-element-populated\">\n\t\t\t\t\t\t<div class=\"elementor-element elementor-element-4838fc5 elementor-widget elementor-widget-video\" data-id=\"4838fc5\" data-element_type=\"widget\" data-e-type=\"widget\" data-settings=\"{&quot;youtube_url&quot;:&quot;https:\\\/\\\/youtu.be\\\/L3hFeJUm7vY&quot;,&quot;video_type&quot;:&quot;youtube&quot;,&quot;controls&quot;:&quot;yes&quot;}\" data-widget_type=\"video.default\">\n\t\t\t\t\t\t\t<div class=\"elementor-wrapper elementor-open-inline\">\n\t\t\t<div class=\"elementor-video\"><\/div>\t\t<\/div>\n\t\t\t\t\t\t<\/div>\n\t\t\t\t\t<\/div>\n\t\t<\/div>\n\t\t\t\t\t<\/div>\n\t\t<\/section>\n\t\t\t\t<\/div>\n\t\t","protected":false},"excerpt":{"rendered":"<p>Val\u00e9rie Milot Solo Harpe classique Dans ce nouveau concert, Val\u00e9rie pr\u00e9sente le r\u00e9pertoire de son neuvi\u00e8me et dernier album, Solo. Elle y fait l\u2019exercice de transcrire ses pages pr\u00e9f\u00e9r\u00e9es de la musique dite classique.\u00a0 Paganini, Schubert, Mendelssohn, Elgar, Mahler, Tarrega, [&hellip;]<\/p>\n","protected":false},"author":1,"featured_media":1984,"parent":0,"menu_order":0,"comment_status":"closed","ping_status":"closed","template":"","meta":{"footnotes":""},"class_list":["post-2349","page","type-page","status-publish","has-post-thumbnail","hentry"],"_links":{"self":[{"href":"https:\/\/valeriemilot.com\/fr\/wp-json\/wp\/v2\/pages\/2349","targetHints":{"allow":["GET"]}}],"collection":[{"href":"https:\/\/valeriemilot.com\/fr\/wp-json\/wp\/v2\/pages"}],"about":[{"href":"https:\/\/valeriemilot.com\/fr\/wp-json\/wp\/v2\/types\/page"}],"author":[{"embeddable":true,"href":"https:\/\/valeriemilot.com\/fr\/wp-json\/wp\/v2\/users\/1"}],"replies":[{"embeddable":true,"href":"https:\/\/valeriemilot.com\/fr\/wp-json\/wp\/v2\/comments?post=2349"}],"version-history":[{"count":14,"href":"https:\/\/valeriemilot.com\/fr\/wp-json\/wp\/v2\/pages\/2349\/revisions"}],"predecessor-version":[{"id":6670,"href":"https:\/\/valeriemilot.com\/fr\/wp-json\/wp\/v2\/pages\/2349\/revisions\/6670"}],"wp:featuredmedia":[{"embeddable":true,"href":"https:\/\/valeriemilot.com\/fr\/wp-json\/wp\/v2\/media\/1984"}],"wp:attachment":[{"href":"https:\/\/valeriemilot.com\/fr\/wp-json\/wp\/v2\/media?parent=2349"}],"curies":[{"name":"wp","href":"https:\/\/api.w.org\/{rel}","templated":true}]}}