{"id":8144,"date":"2020-05-03T15:26:52","date_gmt":"2020-05-03T19:26:52","guid":{"rendered":"https:\/\/valeriemilot.com\/productions\/"},"modified":"2025-09-09T16:19:14","modified_gmt":"2025-09-09T20:19:14","slug":"productions","status":"publish","type":"page","link":"https:\/\/valeriemilot.com\/fr\/productions\/","title":{"rendered":"Productions"},"content":{"rendered":"\t\t<div data-elementor-type=\"wp-post\" data-elementor-id=\"8144\" class=\"elementor elementor-8144 elementor-2696\" data-elementor-post-type=\"page\">\n\t\t\t\t\t\t<section class=\"elementor-section elementor-top-section elementor-element elementor-element-697ab4f2 elementor-section-stretched elementor-section-height-min-height elementor-section-boxed elementor-section-height-default elementor-section-items-middle elementor-invisible\" data-id=\"697ab4f2\" data-element_type=\"section\" data-e-type=\"section\" data-settings=\"{&quot;stretch_section&quot;:&quot;section-stretched&quot;,&quot;background_background&quot;:&quot;classic&quot;,&quot;animation&quot;:&quot;fadeIn&quot;,&quot;animation_delay&quot;:100}\">\n\t\t\t\t\t\t\t<div class=\"elementor-background-overlay\"><\/div>\n\t\t\t\t\t\t\t<div class=\"elementor-container elementor-column-gap-default\">\n\t\t\t\t\t<div class=\"elementor-column elementor-col-100 elementor-top-column elementor-element elementor-element-6e402708\" data-id=\"6e402708\" data-element_type=\"column\" data-e-type=\"column\">\n\t\t\t<div class=\"elementor-widget-wrap elementor-element-populated\">\n\t\t\t\t\t\t<div class=\"elementor-element elementor-element-621502cc animated-fast elementor-invisible elementor-widget elementor-widget-heading\" data-id=\"621502cc\" data-element_type=\"widget\" data-e-type=\"widget\" data-settings=\"{&quot;_animation&quot;:&quot;fadeInUp&quot;,&quot;_animation_delay&quot;:200}\" data-widget_type=\"heading.default\">\n\t\t\t\t\t<h1 class=\"elementor-heading-title elementor-size-default\">Productions<\/h1>\t\t\t\t<\/div>\n\t\t\t\t\t<\/div>\n\t\t<\/div>\n\t\t\t\t\t<\/div>\n\t\t<\/section>\n\t\t<div class=\"elementor-element elementor-element-4b079fd e-flex e-con-boxed e-con e-parent\" data-id=\"4b079fd\" data-element_type=\"container\" data-e-type=\"container\">\n\t\t\t\t\t<div class=\"e-con-inner\">\n\t\t<div class=\"elementor-element elementor-element-19c0ffc e-con-full e-flex e-con e-child\" data-id=\"19c0ffc\" data-element_type=\"container\" data-e-type=\"container\">\n\t\t\t\t<div class=\"elementor-element elementor-element-4443ac8 elementor-widget elementor-widget-image\" data-id=\"4443ac8\" data-element_type=\"widget\" data-e-type=\"widget\" data-widget_type=\"image.default\">\n\t\t\t\t\t\t\t\t\t\t\t\t\t\t\t\t<a href=\"http:\/\/nebulae.valeriemilot.com\" target=\"_blank\">\n\t\t\t\t\t\t\t<img loading=\"lazy\" decoding=\"async\" width=\"1000\" height=\"1000\" src=\"https:\/\/valeriemilot.com\/wp-content\/uploads\/2025\/09\/Nebulae-Nos-Productions-2.jpg\" class=\"attachment-full size-full wp-image-7745\" alt=\"\" srcset=\"https:\/\/valeriemilot.com\/wp-content\/uploads\/2025\/09\/Nebulae-Nos-Productions-2.jpg 1000w, https:\/\/valeriemilot.com\/wp-content\/uploads\/2025\/09\/Nebulae-Nos-Productions-2-300x300.jpg 300w, https:\/\/valeriemilot.com\/wp-content\/uploads\/2025\/09\/Nebulae-Nos-Productions-2-150x150.jpg 150w, https:\/\/valeriemilot.com\/wp-content\/uploads\/2025\/09\/Nebulae-Nos-Productions-2-768x768.jpg 768w, https:\/\/valeriemilot.com\/wp-content\/uploads\/2025\/09\/Nebulae-Nos-Productions-2-500x500.jpg 500w, https:\/\/valeriemilot.com\/wp-content\/uploads\/2025\/09\/Nebulae-Nos-Productions-2-700x700.jpg 700w, https:\/\/valeriemilot.com\/wp-content\/uploads\/2025\/09\/Nebulae-Nos-Productions-2-440x440.jpg 440w, https:\/\/valeriemilot.com\/wp-content\/uploads\/2025\/09\/Nebulae-Nos-Productions-2-610x610.jpg 610w\" sizes=\"auto, (max-width: 1000px) 100vw, 1000px\" \/>\t\t\t\t\t\t\t\t<\/a>\n\t\t\t\t\t\t\t\t\t\t\t\t\t\t\t<\/div>\n\t\t\t\t<div class=\"elementor-element elementor-element-a5bd88c elementor-widget elementor-widget-heading\" data-id=\"a5bd88c\" data-element_type=\"widget\" data-e-type=\"widget\" data-widget_type=\"heading.default\">\n\t\t\t\t\t<h2 class=\"elementor-heading-title elementor-size-default\">Le nouveau spectacle <i>Nebul\u00e6<\/i> de la harpiste Val\u00e9rie Milot expose une r\u00e9flexion artistique et philosophique \u00e0 travers la science des ph\u00e9nom\u00e8nes astraux.<\/h2>\t\t\t\t<\/div>\n\t\t\t\t<div class=\"elementor-element elementor-element-0bad5fd elementor-align-center elementor-tablet-align-center elementor-mobile-align-center elementor-widget elementor-widget-button\" data-id=\"0bad5fd\" data-element_type=\"widget\" data-e-type=\"widget\" data-widget_type=\"button.default\">\n\t\t\t\t\t\t\t\t\t\t<a class=\"elementor-button elementor-button-link elementor-size-sm\" href=\"http:\/\/nebulae.valeriemilot.com\" target=\"_blank\">\n\t\t\t\t\t\t<span class=\"elementor-button-content-wrapper\">\n\t\t\t\t\t\t\t\t\t<span class=\"elementor-button-text\">D\u00e9couvrir<\/span>\n\t\t\t\t\t<\/span>\n\t\t\t\t\t<\/a>\n\t\t\t\t\t\t\t\t<\/div>\n\t\t\t\t<\/div>\n\t\t<div class=\"elementor-element elementor-element-043e815 e-con-full e-flex e-con e-child\" data-id=\"043e815\" data-element_type=\"container\" data-e-type=\"container\">\n\t\t\t\t<div class=\"elementor-element elementor-element-06b940d elementor-widget elementor-widget-image\" data-id=\"06b940d\" data-element_type=\"widget\" data-e-type=\"widget\" data-widget_type=\"image.default\">\n\t\t\t\t\t\t\t\t\t\t\t\t\t\t\t\t<a href=\"https:\/\/anemone47.com\/fr\/opus2\/\" target=\"_blank\">\n\t\t\t\t\t\t\t<img loading=\"lazy\" decoding=\"async\" width=\"1000\" height=\"1000\" src=\"https:\/\/valeriemilot.com\/wp-content\/uploads\/2025\/09\/Opus-2-Nos-Productions-2.jpg\" class=\"attachment-full size-full wp-image-7748\" alt=\"\" srcset=\"https:\/\/valeriemilot.com\/wp-content\/uploads\/2025\/09\/Opus-2-Nos-Productions-2.jpg 1000w, https:\/\/valeriemilot.com\/wp-content\/uploads\/2025\/09\/Opus-2-Nos-Productions-2-300x300.jpg 300w, https:\/\/valeriemilot.com\/wp-content\/uploads\/2025\/09\/Opus-2-Nos-Productions-2-150x150.jpg 150w, https:\/\/valeriemilot.com\/wp-content\/uploads\/2025\/09\/Opus-2-Nos-Productions-2-768x768.jpg 768w, https:\/\/valeriemilot.com\/wp-content\/uploads\/2025\/09\/Opus-2-Nos-Productions-2-500x500.jpg 500w, https:\/\/valeriemilot.com\/wp-content\/uploads\/2025\/09\/Opus-2-Nos-Productions-2-700x700.jpg 700w, https:\/\/valeriemilot.com\/wp-content\/uploads\/2025\/09\/Opus-2-Nos-Productions-2-440x440.jpg 440w, https:\/\/valeriemilot.com\/wp-content\/uploads\/2025\/09\/Opus-2-Nos-Productions-2-610x610.jpg 610w\" sizes=\"auto, (max-width: 1000px) 100vw, 1000px\" \/>\t\t\t\t\t\t\t\t<\/a>\n\t\t\t\t\t\t\t\t\t\t\t\t\t\t\t<\/div>\n\t\t\t\t<div class=\"elementor-element elementor-element-9925c3b elementor-widget elementor-widget-heading\" data-id=\"9925c3b\" data-element_type=\"widget\" data-e-type=\"widget\" data-widget_type=\"heading.default\">\n\t\t\t\t\t<h2 class=\"elementor-heading-title elementor-size-default\">Val\u00e9rie Milot et St\u00e9phane T\u00e9treault pr\u00e9sentent leur deuxi\u00e8me projet, <i>Opus 2<\/i>, o\u00f9 se c\u00f4toient des \u0153uvres ch\u00e9ries du grand public et des d\u00e9couvertes d\u2019une virtuosit\u00e9 \u00e9poustouflante.<\/h2>\t\t\t\t<\/div>\n\t\t\t\t<div class=\"elementor-element elementor-element-465aa1b elementor-align-center elementor-tablet-align-center elementor-mobile-align-center elementor-widget elementor-widget-button\" data-id=\"465aa1b\" data-element_type=\"widget\" data-e-type=\"widget\" data-widget_type=\"button.default\">\n\t\t\t\t\t\t\t\t\t\t<a class=\"elementor-button elementor-button-link elementor-size-sm\" href=\"https:\/\/anemone47.com\/fr\/opus2\/\" target=\"_blank\">\n\t\t\t\t\t\t<span class=\"elementor-button-content-wrapper\">\n\t\t\t\t\t\t\t\t\t<span class=\"elementor-button-text\">D\u00e9couvrir<\/span>\n\t\t\t\t\t<\/span>\n\t\t\t\t\t<\/a>\n\t\t\t\t\t\t\t\t<\/div>\n\t\t\t\t<\/div>\n\t\t\t\t\t<\/div>\n\t\t\t\t<\/div>\n\t\t\t\t<\/div>\n\t\t","protected":false},"excerpt":{"rendered":"<p>Productions Le nouveau spectacle Nebul\u00e6 de la harpiste Val\u00e9rie Milot expose une r\u00e9flexion artistique et philosophique \u00e0 travers la science des ph\u00e9nom\u00e8nes astraux. D\u00e9couvrir Val\u00e9rie Milot et St\u00e9phane T\u00e9treault pr\u00e9sentent leur deuxi\u00e8me projet, Opus 2, o\u00f9 se c\u00f4toient des \u0153uvres [&hellip;]<\/p>\n","protected":false},"author":1,"featured_media":0,"parent":0,"menu_order":0,"comment_status":"closed","ping_status":"closed","template":"","meta":{"footnotes":""},"class_list":["post-8144","page","type-page","status-publish","hentry"],"_links":{"self":[{"href":"https:\/\/valeriemilot.com\/fr\/wp-json\/wp\/v2\/pages\/8144","targetHints":{"allow":["GET"]}}],"collection":[{"href":"https:\/\/valeriemilot.com\/fr\/wp-json\/wp\/v2\/pages"}],"about":[{"href":"https:\/\/valeriemilot.com\/fr\/wp-json\/wp\/v2\/types\/page"}],"author":[{"embeddable":true,"href":"https:\/\/valeriemilot.com\/fr\/wp-json\/wp\/v2\/users\/1"}],"replies":[{"embeddable":true,"href":"https:\/\/valeriemilot.com\/fr\/wp-json\/wp\/v2\/comments?post=8144"}],"version-history":[{"count":3,"href":"https:\/\/valeriemilot.com\/fr\/wp-json\/wp\/v2\/pages\/8144\/revisions"}],"predecessor-version":[{"id":8148,"href":"https:\/\/valeriemilot.com\/fr\/wp-json\/wp\/v2\/pages\/8144\/revisions\/8148"}],"wp:attachment":[{"href":"https:\/\/valeriemilot.com\/fr\/wp-json\/wp\/v2\/media?parent=8144"}],"curies":[{"name":"wp","href":"https:\/\/api.w.org\/{rel}","templated":true}]}}