{"id":994,"date":"2018-10-19T07:55:36","date_gmt":"2018-10-19T05:55:36","guid":{"rendered":"http:\/\/themes.themegoods.com\/musico\/demo\/?page_id=994"},"modified":"2025-09-16T20:54:07","modified_gmt":"2025-09-17T00:54:07","slug":"apropos","status":"publish","type":"page","link":"https:\/\/valeriemilot.com\/fr\/apropos\/","title":{"rendered":"\u00c0 propos"},"content":{"rendered":"\t\t<div data-elementor-type=\"wp-post\" data-elementor-id=\"994\" class=\"elementor elementor-994\" data-elementor-post-type=\"page\">\n\t\t\t\t\t\t<section class=\"elementor-section elementor-top-section elementor-element elementor-element-7e278ac6 elementor-section-stretched elementor-section-height-min-height elementor-section-boxed elementor-section-height-default elementor-section-items-middle elementor-invisible\" data-id=\"7e278ac6\" data-element_type=\"section\" data-e-type=\"section\" data-settings=\"{&quot;stretch_section&quot;:&quot;section-stretched&quot;,&quot;background_background&quot;:&quot;classic&quot;,&quot;animation&quot;:&quot;fadeIn&quot;,&quot;animation_delay&quot;:100}\">\n\t\t\t\t\t\t\t<div class=\"elementor-background-overlay\"><\/div>\n\t\t\t\t\t\t\t<div class=\"elementor-container elementor-column-gap-default\">\n\t\t\t\t\t<div class=\"elementor-column elementor-col-100 elementor-top-column elementor-element elementor-element-52e41ac4\" data-id=\"52e41ac4\" data-element_type=\"column\" data-e-type=\"column\">\n\t\t\t<div class=\"elementor-widget-wrap elementor-element-populated\">\n\t\t\t\t\t\t<div class=\"elementor-element elementor-element-326a1d59 animated-fast elementor-invisible elementor-widget elementor-widget-heading\" data-id=\"326a1d59\" data-element_type=\"widget\" data-e-type=\"widget\" data-settings=\"{&quot;_animation&quot;:&quot;fadeInUp&quot;,&quot;_animation_delay&quot;:200}\" data-widget_type=\"heading.default\">\n\t\t\t\t\t<h1 class=\"elementor-heading-title elementor-size-default\">\u00c0 propos<\/h1>\t\t\t\t<\/div>\n\t\t\t\t\t<\/div>\n\t\t<\/div>\n\t\t\t\t\t<\/div>\n\t\t<\/section>\n\t\t<div class=\"elementor-element elementor-element-3804edc e-flex e-con-boxed e-con e-parent\" data-id=\"3804edc\" data-element_type=\"container\" data-e-type=\"container\">\n\t\t\t\t\t<div class=\"e-con-inner\">\n\t\t\t\t<div class=\"elementor-element elementor-element-cac1eb6 elementor-widget elementor-widget-heading\" data-id=\"cac1eb6\" data-element_type=\"widget\" data-e-type=\"widget\" data-widget_type=\"heading.default\">\n\t\t\t\t\t<h2 class=\"elementor-heading-title elementor-size-default\"><em>\u00ab La musique nous donne acc\u00e8s au c\u0153ur du monde. \u00bb <\/em><\/br>\u2013 Hubert Reeves\n<\/h2>\t\t\t\t<\/div>\n\t\t\t\t\t<\/div>\n\t\t\t\t<\/div>\n\t\t\t\t<section class=\"elementor-section elementor-top-section elementor-element elementor-element-f0eb38d elementor-section-boxed elementor-section-height-default elementor-section-height-default\" data-id=\"f0eb38d\" data-element_type=\"section\" data-e-type=\"section\">\n\t\t\t\t\t\t<div class=\"elementor-container elementor-column-gap-default\">\n\t\t\t\t\t<div class=\"elementor-column elementor-col-100 elementor-top-column elementor-element elementor-element-8532c7f\" data-id=\"8532c7f\" data-element_type=\"column\" data-e-type=\"column\">\n\t\t\t<div class=\"elementor-widget-wrap elementor-element-populated\">\n\t\t\t\t\t\t<div class=\"elementor-element elementor-element-88547b3 animated-fast elementor-widget elementor-widget-text-editor\" data-id=\"88547b3\" data-element_type=\"widget\" data-e-type=\"widget\" data-settings=\"{&quot;_animation&quot;:&quot;none&quot;,&quot;_animation_delay&quot;:300}\" data-widget_type=\"text-editor.default\">\n\t\t\t\t\t\t\t\t\t<p>Val\u00e9rie Milot m\u00e8ne avec passion une carri\u00e8re de harpiste et d&rsquo;entrepreneure humanitaire, anim\u00e9e par la mission de d\u00e9velopper un acc\u00e8s \u00e9quitable \u00e0 la musique. Sa mission : rendre la musique accessible \u00e0 tous et en faire un outil de r\u00e9flexion, de dialogue et de solidarit\u00e9.<\/p><p>En 2016, elle concr\u00e9tise son engagement en fondant\u00a0<a href=\"https:\/\/www.anemone47.com\/fr\" target=\"_blank\" rel=\"noopener\">An\u00e9mone 47<\/a>, qu\u2019elle co-dirige maintenant avec le violoncelliste St\u00e9phane T\u00e9treault. Plus qu\u2019un producteur de concerts uniques, cet organisme agit sur le terrain pour offrir la musique \u00e0 ceux qui y ont le moins acc\u00e8s, tels les enfants et les personnes vivant avec une maladie chronique ou un handicap. Chaque projet devient un pont entre la sc\u00e8ne et la communaut\u00e9.<\/p><p>Mise en contact avec la musique classique d\u00e8s son plus jeune \u00e2ge \u00e0 m\u00eame son noyau familial, Val\u00e9rie a tr\u00e8s t\u00f4t ressenti son pouvoir transformateur. Cette exp\u00e9rience nourrit aujourd&rsquo;hui sa conviction que chaque personne m\u00e9rite d&rsquo;avoir acc\u00e8s \u00e0 ces m\u00eames bienfaits, peu importe son milieu d&rsquo;origine ou son environnement de vie. Sa mission artistique et humanitaire vise \u00e0 briser les barri\u00e8res et \u00e0 faire r\u00e9sonner la beaut\u00e9 de la musique aupr\u00e8s de tous les publics.<\/p><p>Plus de quatre millions de vues sur <a href=\"http:\/\/www.youtube.com\/valeriemilotharpe\" target=\"_blank\" rel=\"noopener\">YouTube<\/a> t\u00e9moignent de son rayonnement num\u00e9rique. Sur les r\u00e9seaux sociaux, elle partage un univers o\u00f9 musique, humour, philosophie et histoire de l\u2019art se m\u00ealent, offrant au public une mani\u00e8re d\u00e9complex\u00e9e et vivante d\u2019aborder la musique classique.<\/p><p>Musicienne prolifique, sa\u00a0<a href=\"https:\/\/valeriemilot.com\/fr\/audio\/\">discographie<\/a>\u00a0compte plus d\u2019une trentaine d&rsquo;enregistrements. \u00c0 l\u2019automne 2025, Val\u00e9rie lance son 12e album personnel, <a href=\"http:\/\/nebulae.valeriemilot.com\/fr\" target=\"_blank\" rel=\"noopener\">Nebul\u00e6<\/a>, marquant du m\u00eame coup le d\u00e9but d\u2019une tourn\u00e9e de spectacles en solo qui allient science, philosophie et musique.<\/p><p>Adepte du <i>slow touring<\/i>, Val\u00e9rie repense l&rsquo;approche traditionnelle des tourn\u00e9es en privil\u00e9giant des d\u00e9placements humainement rentables. Par le biais d&rsquo;<a href=\"https:\/\/www.anemone47.com\/fr\" target=\"_blank\" rel=\"noopener\">An\u00e9mone 47<\/a>, des activit\u00e9s communautaires sont annex\u00e9es aux concerts des villes visit\u00e9es, maximisant ainsi l&rsquo;impact social de ses pr\u00e9sences artistiques.<\/p><p>Soliste reconnue, Val\u00e9rie r\u00e9v\u00e8le sur sc\u00e8ne les possibilit\u00e9s infinies de la harpe, explorant avec audace ses sonorit\u00e9s insoup\u00e7onn\u00e9es et repoussant les fronti\u00e8res de cet instrument mill\u00e9naire. Elle collabore r\u00e9guli\u00e8rement avec des orchestres prestigieux (Les Violons du Roy, Orchestre symphonique de Montr\u00e9al, Orchestre M\u00e9tropolitain) et des chefs d&rsquo;envergure internationale comme Yannick N\u00e9zet-S\u00e9guin et Bernard Labadie.<\/p><p>Son parcours artistique exceptionnel lui a valu de <a href=\"https:\/\/valeriemilot.com\/fr\/prix-et-distinctions\/\">nombreuses distinctions<\/a>, notamment le Prix d&rsquo;Europe 2008 &#8211; faisant d&rsquo;elle la premi\u00e8re harpiste en pr\u00e8s d&rsquo;un si\u00e8cle \u00e0 remporter ce prestigieux prix. Dipl\u00f4m\u00e9e du Conservatoire \u00ab avec grande distinction \u00bb au terme de ses \u00e9tudes de ma\u00eetrise avec Caroline Lizotte, elle a poursuivi ses \u00e9tudes aupr\u00e8s de Rita Costanzi \u00e0 New York. Depuis le d\u00e9but de sa carri\u00e8re, elle fut nomm\u00e9e R\u00e9v\u00e9lation de l&rsquo;ann\u00e9e Radio-Canada, re\u00e7ut plusieurs Prix Opus et nominations au Gala de l&rsquo;ADISQ.<\/p><p>Val\u00e9rie joue sur une harpe \u00ab Apollonia \u00bb de Salvi, gracieusement pr\u00eat\u00e9e par l&rsquo;entreprise Canimex de Drummondville, propri\u00e9t\u00e9 du m\u00e9c\u00e8ne Roger Dubois.<\/p>\t\t\t\t\t\t\t\t<\/div>\n\t\t\t\t\t<\/div>\n\t\t<\/div>\n\t\t\t\t\t<\/div>\n\t\t<\/section>\n\t\t<div class=\"elementor-element elementor-element-6e7d2e5 e-flex e-con-boxed e-con e-parent\" data-id=\"6e7d2e5\" data-element_type=\"container\" data-e-type=\"container\">\n\t\t\t\t\t<div class=\"e-con-inner\">\n\t\t<div class=\"elementor-element elementor-element-f323ee8 e-con-full e-flex e-con e-child\" data-id=\"f323ee8\" data-element_type=\"container\" data-e-type=\"container\">\n\t\t\t\t<div class=\"elementor-element elementor-element-620c29c elementor-align-justify elementor-tablet-align-justify elementor-mobile-align-justify elementor-widget elementor-widget-button\" data-id=\"620c29c\" data-element_type=\"widget\" data-e-type=\"widget\" data-widget_type=\"button.default\">\n\t\t\t\t\t\t\t\t\t\t<a class=\"elementor-button elementor-button-link elementor-size-sm\" href=\"https:\/\/anemone47.com\/fr\/\" target=\"_blank\">\n\t\t\t\t\t\t<span class=\"elementor-button-content-wrapper\">\n\t\t\t\t\t\t\t\t\t<span class=\"elementor-button-text\">An\u00e9mone 47<\/span>\n\t\t\t\t\t<\/span>\n\t\t\t\t\t<\/a>\n\t\t\t\t\t\t\t\t<\/div>\n\t\t\t\t<\/div>\n\t\t<div class=\"elementor-element elementor-element-f59c6ac e-con-full e-flex e-con e-child\" data-id=\"f59c6ac\" data-element_type=\"container\" data-e-type=\"container\">\n\t\t\t\t<div class=\"elementor-element elementor-element-ba4204a elementor-align-justify elementor-tablet-align-justify elementor-mobile-align-justify elementor-widget elementor-widget-button\" data-id=\"ba4204a\" data-element_type=\"widget\" data-e-type=\"widget\" data-widget_type=\"button.default\">\n\t\t\t\t\t\t\t\t\t\t<a class=\"elementor-button elementor-button-link elementor-size-sm\" href=\"http:\/\/www.youtube.com\/valeriemilotharpe\" target=\"_blank\">\n\t\t\t\t\t\t<span class=\"elementor-button-content-wrapper\">\n\t\t\t\t\t\t\t\t\t<span class=\"elementor-button-text\">Cha\u00eene YouTube<\/span>\n\t\t\t\t\t<\/span>\n\t\t\t\t\t<\/a>\n\t\t\t\t\t\t\t\t<\/div>\n\t\t\t\t<\/div>\n\t\t<div class=\"elementor-element elementor-element-1864a1d e-con-full e-flex e-con e-child\" data-id=\"1864a1d\" data-element_type=\"container\" data-e-type=\"container\">\n\t\t\t\t<div class=\"elementor-element elementor-element-c18e057 elementor-align-justify elementor-tablet-align-justify elementor-mobile-align-justify elementor-widget elementor-widget-button\" data-id=\"c18e057\" data-element_type=\"widget\" data-e-type=\"widget\" data-widget_type=\"button.default\">\n\t\t\t\t\t\t\t\t\t\t<a class=\"elementor-button elementor-button-link elementor-size-sm\" href=\"https:\/\/valeriemilot.com\/fr\/audio\/\">\n\t\t\t\t\t\t<span class=\"elementor-button-content-wrapper\">\n\t\t\t\t\t\t\t\t\t<span class=\"elementor-button-text\">Discographie<\/span>\n\t\t\t\t\t<\/span>\n\t\t\t\t\t<\/a>\n\t\t\t\t\t\t\t\t<\/div>\n\t\t\t\t<\/div>\n\t\t<div class=\"elementor-element elementor-element-1c3da5b e-con-full e-flex e-con e-child\" data-id=\"1c3da5b\" data-element_type=\"container\" data-e-type=\"container\">\n\t\t\t\t<div class=\"elementor-element elementor-element-f703ace elementor-align-justify elementor-tablet-align-justify elementor-mobile-align-justify elementor-widget elementor-widget-button\" data-id=\"f703ace\" data-element_type=\"widget\" data-e-type=\"widget\" data-widget_type=\"button.default\">\n\t\t\t\t\t\t\t\t\t\t<a class=\"elementor-button elementor-button-link elementor-size-sm\" href=\"https:\/\/valeriemilot.com\/fr\/prix-et-distinctions\/\">\n\t\t\t\t\t\t<span class=\"elementor-button-content-wrapper\">\n\t\t\t\t\t\t\t\t\t<span class=\"elementor-button-text\"> Prix et distinctions<\/span>\n\t\t\t\t\t<\/span>\n\t\t\t\t\t<\/a>\n\t\t\t\t\t\t\t\t<\/div>\n\t\t\t\t<\/div>\n\t\t\t\t\t<\/div>\n\t\t\t\t<\/div>\n\t\t\t\t<\/div>\n\t\t","protected":false},"excerpt":{"rendered":"<p>\u00c0 propos \u00ab La musique nous donne acc\u00e8s au c\u0153ur du monde. \u00bb \u2013 Hubert Reeves Val\u00e9rie Milot m\u00e8ne avec passion une carri\u00e8re de harpiste et d&rsquo;entrepreneure humanitaire, anim\u00e9e par la mission de d\u00e9velopper un acc\u00e8s \u00e9quitable \u00e0 la musique. [&hellip;]<\/p>\n","protected":false},"author":1,"featured_media":0,"parent":0,"menu_order":0,"comment_status":"closed","ping_status":"closed","template":"","meta":{"footnotes":""},"class_list":["post-994","page","type-page","status-publish","hentry"],"_links":{"self":[{"href":"https:\/\/valeriemilot.com\/fr\/wp-json\/wp\/v2\/pages\/994","targetHints":{"allow":["GET"]}}],"collection":[{"href":"https:\/\/valeriemilot.com\/fr\/wp-json\/wp\/v2\/pages"}],"about":[{"href":"https:\/\/valeriemilot.com\/fr\/wp-json\/wp\/v2\/types\/page"}],"author":[{"embeddable":true,"href":"https:\/\/valeriemilot.com\/fr\/wp-json\/wp\/v2\/users\/1"}],"replies":[{"embeddable":true,"href":"https:\/\/valeriemilot.com\/fr\/wp-json\/wp\/v2\/comments?post=994"}],"version-history":[{"count":172,"href":"https:\/\/valeriemilot.com\/fr\/wp-json\/wp\/v2\/pages\/994\/revisions"}],"predecessor-version":[{"id":8708,"href":"https:\/\/valeriemilot.com\/fr\/wp-json\/wp\/v2\/pages\/994\/revisions\/8708"}],"wp:attachment":[{"href":"https:\/\/valeriemilot.com\/fr\/wp-json\/wp\/v2\/media?parent=994"}],"curies":[{"name":"wp","href":"https:\/\/api.w.org\/{rel}","templated":true}]}}